{"id":7931,"date":"2021-11-08T14:02:20","date_gmt":"2021-11-08T14:02:20","guid":{"rendered":"https:\/\/nowa.zsa.wloclawek.pl\/?page_id=7931"},"modified":"2025-12-01T17:31:51","modified_gmt":"2025-12-01T17:31:51","slug":"news","status":"publish","type":"page","link":"https:\/\/nowa.zsa.wloclawek.pl\/?page_id=7931","title":{"rendered":"Aktualno\u015bci"},"content":{"rendered":"\t\t<div data-elementor-type=\"wp-page\" data-elementor-id=\"7931\" class=\"elementor elementor-7931\">\n\t\t\t\t<div class=\"elementor-element elementor-element-7b51674 e-con-full e-flex e-con e-parent\" data-id=\"7b51674\" data-element_type=\"container\" data-settings=\"{&quot;background_background&quot;:&quot;classic&quot;}\">\n\t\t\t\t<div class=\"elementor-element elementor-element-6340e9b elementor-widget__width-initial elementor-widget-tablet__width-inherit elementor-widget elementor-widget-heading\" data-id=\"6340e9b\" data-element_type=\"widget\" data-widget_type=\"heading.default\">\n\t\t\t\t\t<h2 class=\"elementor-heading-title elementor-size-default\">Aktualno\u015bci<\/h2>\t\t\t\t<\/div>\n\t\t\t\t<\/div>\n\t\t<div class=\"elementor-element elementor-element-dfdc950 e-flex e-con-boxed e-con e-parent\" data-id=\"dfdc950\" data-element_type=\"container\">\n\t\t\t\t\t<div class=\"e-con-inner\">\n\t\t\t\t<div class=\"elementor-element elementor-element-db53416 elementor-grid-tablet-1 elementor-widget-tablet__width-inherit elementor-grid-3 elementor-grid-mobile-1 elementor-widget elementor-widget-wpzoom-elementor-addons-posts-grid\" data-id=\"db53416\" data-element_type=\"widget\" data-settings=\"{&quot;columns_tablet&quot;:&quot;1&quot;,&quot;columns&quot;:&quot;3&quot;,&quot;columns_mobile&quot;:&quot;1&quot;}\" data-widget_type=\"wpzoom-elementor-addons-posts-grid.default\">\n\t\t\t\t<div class=\"elementor-widget-container\">\n\t\t\t\t\t\t\t<div \n\t\t\tclass=\"wpz-grid\" \n\t\t\tdata-uid=\"db53416\"\n\t\t\tdata-offset=\"3\"\n\t\t\tdata-posts-grid='{\"posts_per_page\":3,\"post_status\":\"publish\",\"paged\":1,\"post__not_in\":[],\"ignore_sticky_posts\":true,\"category_name\":\"campus,education\",\"orderby\":\"post_date\",\"order\":\"desc\",\"offset\":3,\"show_image\":\"yes\",\"post_thumbnail_size\":\"full\",\"show_title\":\"yes\",\"title_tag\":\"h3\",\"meta_data\":[\"date\"],\"show_excerpt\":\"yes\",\"excerpt_length\":51,\"show_read_more\":\"yes\",\"read_more_text\":\"Czytaj wi\\u0119cej \\u00bb\",\"grid_style\":\"4\",\"total\":3}'>\n\t\t\t\t\t\t<div class=\"wpz-grid-container elementor-grid wpz-grid-desktop-3  wpz-grid-tablet-1  wpz-grid-mobile-1 \">\n\t\t\t\t\n        <article id=\"post-12929\" class=\"zew-post post-12929 post type-post status-publish format-standard has-post-thumbnail hentry category-education\">\n         \n            <div class=\"post-grid-inner\">\n                \n                \t\t<h3 class=\"title\">\n\t\t\t<a href=\"https:\/\/nowa.zsa.wloclawek.pl\/?p=12929\" title=\"Zapraszamy na now\u0105 stron\u0119 internetow\u0105\">Zapraszamy na now\u0105 stron\u0119 internetow\u0105<\/a>\n\t\t<\/h3>\n\t\t                \n                 \t\t\t<div class=\"post-grid-thumbnail\">\n\t\t\t\t<a href=\"https:\/\/nowa.zsa.wloclawek.pl\/?p=12929\" title=\"Zapraszamy na now\u0105 stron\u0119 internetow\u0105\">\n\t\t\t\t\t<img fetchpriority=\"high\" decoding=\"async\" width=\"1534\" height=\"1024\" src=\"https:\/\/nowa.zsa.wloclawek.pl\/wp-content\/uploads\/2025\/11\/ZSAAI4.png\" class=\"attachment-full size-full wp-post-image\" alt=\"\" srcset=\"https:\/\/nowa.zsa.wloclawek.pl\/wp-content\/uploads\/2025\/11\/ZSAAI4.png 1534w, https:\/\/nowa.zsa.wloclawek.pl\/wp-content\/uploads\/2025\/11\/ZSAAI4-300x200.png 300w, https:\/\/nowa.zsa.wloclawek.pl\/wp-content\/uploads\/2025\/11\/ZSAAI4-1024x684.png 1024w, https:\/\/nowa.zsa.wloclawek.pl\/wp-content\/uploads\/2025\/11\/ZSAAI4-768x513.png 768w, https:\/\/nowa.zsa.wloclawek.pl\/wp-content\/uploads\/2025\/11\/ZSAAI4-1000x668.png 1000w, https:\/\/nowa.zsa.wloclawek.pl\/wp-content\/uploads\/2025\/11\/ZSAAI4-839x560.png 839w, https:\/\/nowa.zsa.wloclawek.pl\/wp-content\/uploads\/2025\/11\/ZSAAI4-600x401.png 600w, https:\/\/nowa.zsa.wloclawek.pl\/wp-content\/uploads\/2025\/11\/ZSAAI4-1200x800.png 1200w\" sizes=\"(max-width: 1534px) 100vw, 1534px\" \/>\t\t\t\t<\/a>\n\t\t\t<\/div>\n\t\t\n                <div class=\"post-grid-text-wrap\">\n                    \t\t<div class=\"post-grid-meta\">\n\t\t\t<span class=\"post-date\">6 stycznia, 2026<\/span>\t\t<\/div>\n\t\t                    <div class=\"post-grid-excerpt\"><p>Jeste\u015bmy szko\u0142\u0105, kt\u00f3ra \u0142\u0105czy tradycj\u0119 z innowacj\u0105. Naszym celem jest stworzenie przestrzeni, w kt\u00f3rej uczniowie rozwijaj\u0105 swoje pasje, zdobywaj\u0105 wiedz\u0119 i przygotowuj\u0105 si\u0119 do wyzwa\u0144 przysz\u0142o\u015bci. Strona zosta\u0142a zaprojektowana w duchu nowoczesno\u015bci i funkcjonalno\u015bci, aby dzia\u0142a\u0142a perfekcyjnie na ka\u017cdym urz\u0105dzeniu \u2013 komputerze, tablecie czy smartfonie. Do\u0142\u0105cz do nas i odkryj, jak&hellip;<\/p>\n<\/div>                    <a class=\"read-more-btn\" href=\"https:\/\/nowa.zsa.wloclawek.pl\/?p=12929\">Czytaj wi\u0119cej \u00bb<\/a>                <\/div>\n\n            <\/div><!-- .blog-inner -->\n           \n        <\/article>\n\n        \n        <article id=\"post-12888\" class=\"zew-post post-12888 post type-post status-publish format-standard has-post-thumbnail hentry category-education\">\n         \n            <div class=\"post-grid-inner\">\n                \n                \t\t<h3 class=\"title\">\n\t\t\t<a href=\"https:\/\/nowa.zsa.wloclawek.pl\/?p=12888\" title=\"Wpis testowy\">Wpis testowy<\/a>\n\t\t<\/h3>\n\t\t                \n                 \t\t\t<div class=\"post-grid-thumbnail\">\n\t\t\t\t<a href=\"https:\/\/nowa.zsa.wloclawek.pl\/?p=12888\" title=\"Wpis testowy\">\n\t\t\t\t\t<img decoding=\"async\" width=\"2560\" height=\"1633\" src=\"https:\/\/nowa.zsa.wloclawek.pl\/wp-content\/uploads\/2025\/11\/top5-scaled.jpg\" class=\"attachment-full size-full wp-post-image\" alt=\"\" srcset=\"https:\/\/nowa.zsa.wloclawek.pl\/wp-content\/uploads\/2025\/11\/top5-scaled.jpg 2560w, https:\/\/nowa.zsa.wloclawek.pl\/wp-content\/uploads\/2025\/11\/top5-300x191.jpg 300w, https:\/\/nowa.zsa.wloclawek.pl\/wp-content\/uploads\/2025\/11\/top5-1024x653.jpg 1024w, https:\/\/nowa.zsa.wloclawek.pl\/wp-content\/uploads\/2025\/11\/top5-768x490.jpg 768w, https:\/\/nowa.zsa.wloclawek.pl\/wp-content\/uploads\/2025\/11\/top5-1536x980.jpg 1536w, https:\/\/nowa.zsa.wloclawek.pl\/wp-content\/uploads\/2025\/11\/top5-2048x1306.jpg 2048w, https:\/\/nowa.zsa.wloclawek.pl\/wp-content\/uploads\/2025\/11\/top5-2000x1275.jpg 2000w, https:\/\/nowa.zsa.wloclawek.pl\/wp-content\/uploads\/2025\/11\/top5-1000x638.jpg 1000w, https:\/\/nowa.zsa.wloclawek.pl\/wp-content\/uploads\/2025\/11\/top5-1800x1148.jpg 1800w, https:\/\/nowa.zsa.wloclawek.pl\/wp-content\/uploads\/2025\/11\/top5-878x560.jpg 878w, https:\/\/nowa.zsa.wloclawek.pl\/wp-content\/uploads\/2025\/11\/top5-600x383.jpg 600w\" sizes=\"(max-width: 2560px) 100vw, 2560px\" \/>\t\t\t\t<\/a>\n\t\t\t<\/div>\n\t\t\n                <div class=\"post-grid-text-wrap\">\n                    \t\t<div class=\"post-grid-meta\">\n\t\t\t<span class=\"post-date\">5 stycznia, 2026<\/span>\t\t<\/div>\n\t\t                    <div class=\"post-grid-excerpt\"><p>Z okazji zbli\u017caj\u0105cych si\u0119 \u015awi\u0105t Bo\u017cego Narodzenia pragn\u0119 z ca\u0142ego serca podzi\u0119kowa\u0107 Wam za zaanga\u017cowanie, prac\u0119 i trosk\u0119 o rozw\u00f3j naszych uczni\u00f3w. To dzi\u0119ki Waszej pasji i codziennemu wysi\u0142kowi nasza szko\u0142a jest miejscem, w kt\u00f3rym m\u0142odzi ludzie mog\u0105 wzrasta\u0107 w wiedzy, warto\u015bciach i marzeniach. Niech ten wyj\u0105tkowy czas b\u0119dzie dla Was&hellip;<\/p>\n<\/div>                    <a class=\"read-more-btn\" href=\"https:\/\/nowa.zsa.wloclawek.pl\/?p=12888\">Czytaj wi\u0119cej \u00bb<\/a>                <\/div>\n\n            <\/div><!-- .blog-inner -->\n           \n        <\/article>\n\n        \n        <article id=\"post-12900\" class=\"zew-post post-12900 post type-post status-publish format-standard has-post-thumbnail hentry category-education\">\n         \n            <div class=\"post-grid-inner\">\n                \n                \t\t<h3 class=\"title\">\n\t\t\t<a href=\"https:\/\/nowa.zsa.wloclawek.pl\/?p=12900\" title=\"Wpis testowy 2\">Wpis testowy 2<\/a>\n\t\t<\/h3>\n\t\t                \n                 \t\t\t<div class=\"post-grid-thumbnail\">\n\t\t\t\t<a href=\"https:\/\/nowa.zsa.wloclawek.pl\/?p=12900\" title=\"Wpis testowy 2\">\n\t\t\t\t\t<img decoding=\"async\" width=\"1200\" height=\"900\" src=\"https:\/\/nowa.zsa.wloclawek.pl\/wp-content\/uploads\/2026\/01\/IMG_20251121_114716.jpg\" class=\"attachment-full size-full wp-post-image\" alt=\"\" \/>\t\t\t\t<\/a>\n\t\t\t<\/div>\n\t\t\n                <div class=\"post-grid-text-wrap\">\n                    \t\t<div class=\"post-grid-meta\">\n\t\t\t<span class=\"post-date\">4 stycznia, 2026<\/span>\t\t<\/div>\n\t\t                    <div class=\"post-grid-excerpt\"><p>W przeddzie\u0144 tej rocznicy\u00a080 Kadet\u00f3w ZSA z\u0142o\u017cy\u0142o \u015blubowanie przy Pomniku Cichociemnych Spadochroniarzy Armii Krajowej. Byli to uczniowie klas pierwszych Akademickiego Technikum Wojskowego i Akademickiego Liceum Og\u00f3lnokszta\u0142c\u0105cego uczestnicz\u0105cych w programie Ministerstwa Obrony Narodowej \u201eOddzia\u0142y Przygotowania Wojskowego\u201d oraz uczniowie klasy pierwszej Akademickiego Liceum Og\u00f3lnokszta\u0142c\u0105cego programu Ministerstwa Spraw Wewn\u0119trznych i Administracji \u201eOddzia\u0142 o Profilu&hellip;<\/p>\n<\/div>                    <a class=\"read-more-btn\" href=\"https:\/\/nowa.zsa.wloclawek.pl\/?p=12900\">Czytaj wi\u0119cej \u00bb<\/a>                <\/div>\n\n            <\/div><!-- .blog-inner -->\n           \n        <\/article>\n\n        \t\t\t<\/div>\n\n\t\t\t\t\t\t\t\t\n\t\t<\/div><!-- \/\/.wpz-grid -->\n\t\t\t\t\t\t<\/div>\n\t\t\t\t<\/div>\n\t\t\t\t\t<\/div>\n\t\t\t\t<\/div>\n\t\t\t\t<\/div>\n\t\t","protected":false},"excerpt":{"rendered":"<p>Aktualno\u015bci W\u0142oc\u0142awskie zawodniczki na Memoriale Andrzeja Szymczaka w \u0141odzi 1 listopada, 2024 W miniony weekend reprezentacja wojew\u00f3dzka m\u0142odziczek Kujawsko-Pomorskiego Zwi\u0105zku Pi\u0142ki R\u0119cznej wzi\u0119\u0142a udzia\u0142 w presti\u017cowym Turnieju Kadr \u2013 Memoriale im. Andrzeja Szymczaka, organizowanym przez \u0141\u00f3dzki Zwi\u0105zek Pi\u0142ki R\u0119cznej. Wydarzenie zgromadzi\u0142o najlepsze dru\u017cyny m\u0142odzie\u017cowe z ca\u0142ej Polski, stanowi\u0105c wa\u017cny sprawdzian [&hellip;]<\/p>\n","protected":false},"author":2,"featured_media":11624,"parent":0,"menu_order":0,"comment_status":"closed","ping_status":"closed","template":"page-templates\/full-width-transparent.php","meta":{"footnotes":""},"class_list":["post-7931","page","type-page","status-publish","has-post-thumbnail","hentry"],"_links":{"self":[{"href":"https:\/\/nowa.zsa.wloclawek.pl\/index.php?rest_route=\/wp\/v2\/pages\/7931","targetHints":{"allow":["GET"]}}],"collection":[{"href":"https:\/\/nowa.zsa.wloclawek.pl\/index.php?rest_route=\/wp\/v2\/pages"}],"about":[{"href":"https:\/\/nowa.zsa.wloclawek.pl\/index.php?rest_route=\/wp\/v2\/types\/page"}],"author":[{"embeddable":true,"href":"https:\/\/nowa.zsa.wloclawek.pl\/index.php?rest_route=\/wp\/v2\/users\/2"}],"replies":[{"embeddable":true,"href":"https:\/\/nowa.zsa.wloclawek.pl\/index.php?rest_route=%2Fwp%2Fv2%2Fcomments&post=7931"}],"version-history":[{"count":38,"href":"https:\/\/nowa.zsa.wloclawek.pl\/index.php?rest_route=\/wp\/v2\/pages\/7931\/revisions"}],"predecessor-version":[{"id":12186,"href":"https:\/\/nowa.zsa.wloclawek.pl\/index.php?rest_route=\/wp\/v2\/pages\/7931\/revisions\/12186"}],"wp:featuredmedia":[{"embeddable":true,"href":"https:\/\/nowa.zsa.wloclawek.pl\/index.php?rest_route=\/wp\/v2\/media\/11624"}],"wp:attachment":[{"href":"https:\/\/nowa.zsa.wloclawek.pl\/index.php?rest_route=%2Fwp%2Fv2%2Fmedia&parent=7931"}],"curies":[{"name":"wp","href":"https:\/\/api.w.org\/{rel}","templated":true}]}}