{"id":14185,"date":"2026-02-09T20:46:33","date_gmt":"2026-02-09T20:46:33","guid":{"rendered":"https:\/\/nowa.zsa.wloclawek.pl\/?page_id=14185"},"modified":"2026-02-09T20:51:09","modified_gmt":"2026-02-09T20:51:09","slug":"opw","status":"publish","type":"page","link":"https:\/\/nowa.zsa.wloclawek.pl\/?page_id=14185","title":{"rendered":"OPW"},"content":{"rendered":"\t\t<div data-elementor-type=\"wp-page\" data-elementor-id=\"14185\" class=\"elementor elementor-14185\">\n\t\t\t\t<div class=\"elementor-element elementor-element-3a3c464 e-con-full e-flex e-con e-parent\" data-id=\"3a3c464\" data-element_type=\"container\" data-settings=\"{&quot;background_background&quot;:&quot;classic&quot;}\">\n\t\t\t\t<div class=\"elementor-element elementor-element-1cb959a elementor-widget__width-initial elementor-widget-tablet__width-inherit elementor-widget elementor-widget-heading\" data-id=\"1cb959a\" data-element_type=\"widget\" data-widget_type=\"heading.default\">\n\t\t\t\t\t<h2 class=\"elementor-heading-title elementor-size-default\">Akademickie Technikum Wojskowe<\/h2>\t\t\t\t<\/div>\n\t\t\t\t<\/div>\n\t\t<div class=\"elementor-element elementor-element-9adaf2e e-flex e-con-boxed e-con e-parent\" data-id=\"9adaf2e\" data-element_type=\"container\">\n\t\t\t\t\t<div class=\"e-con-inner\">\n\t\t<div class=\"elementor-element elementor-element-b4ea1c4 e-con-full e-flex e-con e-child\" data-id=\"b4ea1c4\" data-element_type=\"container\">\n\t\t<div class=\"elementor-element elementor-element-545b495 e-con-full e-flex e-con e-child\" data-id=\"545b495\" data-element_type=\"container\">\n\t\t<div class=\"elementor-element elementor-element-bb01a21 animated-fast e-con-full e-flex e-con e-child\" data-id=\"bb01a21\" data-element_type=\"container\" data-settings=\"{&quot;animation&quot;:&quot;none&quot;,&quot;background_background&quot;:&quot;classic&quot;}\">\n\t\t<div class=\"elementor-element elementor-element-3d0889a e-con-full e-flex e-con e-child\" data-id=\"3d0889a\" data-element_type=\"container\">\n\t\t<div class=\"elementor-element elementor-element-4ab57d7 e-con-full e-flex e-con e-child\" data-id=\"4ab57d7\" data-element_type=\"container\" data-settings=\"{&quot;shape_divider_top&quot;:&quot;arrow&quot;}\">\n\t\t\t\t<div class=\"elementor-shape elementor-shape-top\" aria-hidden=\"true\" data-negative=\"false\">\n\t\t\t<svg xmlns=\"http:\/\/www.w3.org\/2000\/svg\" viewBox=\"0 0 700 10\" preserveAspectRatio=\"none\">\n\t<path class=\"elementor-shape-fill\" d=\"M350,10L340,0h20L350,10z\"\/>\n<\/svg>\t\t<\/div>\n\t\t\t\t<div class=\"elementor-element elementor-element-f7ea13b elementor-widget elementor-widget-image\" data-id=\"f7ea13b\" data-element_type=\"widget\" data-widget_type=\"image.default\">\n\t\t\t\t\t\t\t\t\t\t\t\t\t\t\t<img fetchpriority=\"high\" decoding=\"async\" width=\"501\" height=\"596\" src=\"https:\/\/nowa.zsa.wloclawek.pl\/wp-content\/uploads\/2026\/02\/tarczaATW.png\" class=\"attachment-full size-full wp-image-14160\" alt=\"\" \/>\t\t\t\t\t\t\t\t\t\t\t\t\t\t\t<\/div>\n\t\t\t\t<\/div>\n\t\t<div class=\"elementor-element elementor-element-e735458 e-con-full e-flex e-con e-child\" data-id=\"e735458\" data-element_type=\"container\">\n\t\t\t\t<div class=\"elementor-element elementor-element-53f82dd elementor-view-default elementor-widget elementor-widget-icon\" data-id=\"53f82dd\" data-element_type=\"widget\" data-widget_type=\"icon.default\">\n\t\t\t\t\t\t\t<div class=\"elementor-icon-wrapper\">\n\t\t\t<div class=\"elementor-icon\">\n\t\t\t<svg aria-hidden=\"true\" class=\"e-font-icon-svg e-fas-user-graduate\" viewBox=\"0 0 448 512\" xmlns=\"http:\/\/www.w3.org\/2000\/svg\"><path d=\"M319.4 320.6L224 416l-95.4-95.4C57.1 323.7 0 382.2 0 454.4v9.6c0 26.5 21.5 48 48 48h352c26.5 0 48-21.5 48-48v-9.6c0-72.2-57.1-130.7-128.6-133.8zM13.6 79.8l6.4 1.5v58.4c-7 4.2-12 11.5-12 20.3 0 8.4 4.6 15.4 11.1 19.7L3.5 242c-1.7 6.9 2.1 14 7.6 14h41.8c5.5 0 9.3-7.1 7.6-14l-15.6-62.3C51.4 175.4 56 168.4 56 160c0-8.8-5-16.1-12-20.3V87.1l66 15.9c-8.6 17.2-14 36.4-14 57 0 70.7 57.3 128 128 128s128-57.3 128-128c0-20.6-5.3-39.8-14-57l96.3-23.2c18.2-4.4 18.2-27.1 0-31.5l-190.4-46c-13-3.1-26.7-3.1-39.7 0L13.6 48.2c-18.1 4.4-18.1 27.2 0 31.6z\"><\/path><\/svg>\t\t\t<\/div>\n\t\t<\/div>\n\t\t\t\t\t\t<\/div>\n\t\t\t\t<div class=\"elementor-element elementor-element-41c7da2 elementor-widget-tablet__width-inherit elementor-widget elementor-widget-heading\" data-id=\"41c7da2\" data-element_type=\"widget\" data-widget_type=\"heading.default\">\n\t\t\t\t\t<h2 class=\"elementor-heading-title elementor-size-default\">Oddzia\u0142 Przygotowania Wojskowego<\/h2>\t\t\t\t<\/div>\n\t\t\t\t<div class=\"elementor-element elementor-element-811d66d elementor-widget-tablet__width-inherit elementor-widget__width-inherit elementor-widget elementor-widget-text-editor\" data-id=\"811d66d\" data-element_type=\"widget\" data-widget_type=\"text-editor.default\">\n\t\t\t\t\t\t\t\t\t<p><style>\na {<br \/>\n    text-decoration: none;<br \/>\n    color: #464feb;<br \/>\n}<br \/>\ntr th, tr td {<br \/>\n    border: 1px solid #e6e6e6;<br \/>\n}<br \/>\ntr th {<br \/>\n    background-color: #f5f5f5;<br \/>\n}<br \/>\n<\/style>\n<\/p>\n<div>\n<p>OPW to idealny wyb\u00f3r dla os\u00f3b, kt\u00f3re chc\u0105 zwi\u0105za\u0107 swoj\u0105 przysz\u0142o\u015b\u0107 z wojskiem i s\u0142u\u017cb\u0105 dla kraju. Oferujemy profesjonalne szkolenia wojskowe, zaj\u0119cia z taktyki, musztry, strzelectwa i terenoznawstwa, a tak\u017ce rozw\u00f3j dyscypliny, odpowiedzialno\u015bci i sprawno\u015bci fizycznej.<\/p>\n<p>To miejsce, gdzie pasja do munduru staje si\u0119 realnym planem na przysz\u0142o\u015b\u0107.<\/p>\n<p><strong>Do\u0142\u0105cz do OPW \u2014 tu zaczyna si\u0119 Twoja wojskowa przygoda!<\/strong><\/p>\n<\/div>\t\t\t\t\t\t\t\t<\/div>\n\t\t\t\t<div class=\"elementor-element elementor-element-3472f01 elementor-align-left elementor-widget elementor-widget-button\" data-id=\"3472f01\" data-element_type=\"widget\" data-widget_type=\"button.default\">\n\t\t\t\t\t\t\t\t\t\t<a class=\"elementor-button elementor-button-link elementor-size-sm\" href=\"#\">\n\t\t\t\t\t\t<span class=\"elementor-button-content-wrapper\">\n\t\t\t\t\t\t\t\t\t<span class=\"elementor-button-text\">Czytaj wi\u0119cej<\/span>\n\t\t\t\t\t<\/span>\n\t\t\t\t\t<\/a>\n\t\t\t\t\t\t\t\t<\/div>\n\t\t\t\t<\/div>\n\t\t\t\t<\/div>\n\t\t\t\t<\/div>\n\t\t\t\t<\/div>\n\t\t\t\t<\/div>\n\t\t\t\t\t<\/div>\n\t\t\t\t<\/div>\n\t\t\t\t<\/div>\n\t\t","protected":false},"excerpt":{"rendered":"<p>Akademickie Technikum Wojskowe Oddzia\u0142 Przygotowania Wojskowego OPW to idealny wyb\u00f3r dla os\u00f3b, kt\u00f3re chc\u0105 zwi\u0105za\u0107 swoj\u0105 przysz\u0142o\u015b\u0107 z wojskiem i s\u0142u\u017cb\u0105 dla kraju. Oferujemy profesjonalne szkolenia wojskowe, zaj\u0119cia z taktyki, musztry, strzelectwa i terenoznawstwa, a tak\u017ce rozw\u00f3j dyscypliny, odpowiedzialno\u015bci i sprawno\u015bci fizycznej. To miejsce, gdzie pasja do munduru staje si\u0119 [&hellip;]<\/p>\n","protected":false},"author":2,"featured_media":0,"parent":0,"menu_order":0,"comment_status":"closed","ping_status":"closed","template":"page-templates\/full-width-transparent.php","meta":{"footnotes":""},"class_list":["post-14185","page","type-page","status-publish","hentry"],"_links":{"self":[{"href":"https:\/\/nowa.zsa.wloclawek.pl\/index.php?rest_route=\/wp\/v2\/pages\/14185","targetHints":{"allow":["GET"]}}],"collection":[{"href":"https:\/\/nowa.zsa.wloclawek.pl\/index.php?rest_route=\/wp\/v2\/pages"}],"about":[{"href":"https:\/\/nowa.zsa.wloclawek.pl\/index.php?rest_route=\/wp\/v2\/types\/page"}],"author":[{"embeddable":true,"href":"https:\/\/nowa.zsa.wloclawek.pl\/index.php?rest_route=\/wp\/v2\/users\/2"}],"replies":[{"embeddable":true,"href":"https:\/\/nowa.zsa.wloclawek.pl\/index.php?rest_route=%2Fwp%2Fv2%2Fcomments&post=14185"}],"version-history":[{"count":17,"href":"https:\/\/nowa.zsa.wloclawek.pl\/index.php?rest_route=\/wp\/v2\/pages\/14185\/revisions"}],"predecessor-version":[{"id":14202,"href":"https:\/\/nowa.zsa.wloclawek.pl\/index.php?rest_route=\/wp\/v2\/pages\/14185\/revisions\/14202"}],"wp:attachment":[{"href":"https:\/\/nowa.zsa.wloclawek.pl\/index.php?rest_route=%2Fwp%2Fv2%2Fmedia&parent=14185"}],"curies":[{"name":"wp","href":"https:\/\/api.w.org\/{rel}","templated":true}]}}