{"id":14148,"date":"2026-02-09T20:32:20","date_gmt":"2026-02-09T20:32:20","guid":{"rendered":"https:\/\/nowa.zsa.wloclawek.pl\/?page_id=14148"},"modified":"2026-02-09T20:38:46","modified_gmt":"2026-02-09T20:38:46","slug":"technik_logistyk","status":"publish","type":"page","link":"https:\/\/nowa.zsa.wloclawek.pl\/?page_id=14148","title":{"rendered":"Technik logistyk"},"content":{"rendered":"\t\t<div data-elementor-type=\"wp-page\" data-elementor-id=\"14148\" class=\"elementor elementor-14148\">\n\t\t\t\t<div class=\"elementor-element elementor-element-b452e10 e-con-full e-flex e-con e-parent\" data-id=\"b452e10\" data-element_type=\"container\" data-settings=\"{&quot;background_background&quot;:&quot;classic&quot;}\">\n\t\t\t\t<div class=\"elementor-element elementor-element-b42ce17 elementor-widget__width-initial elementor-widget-tablet__width-inherit elementor-widget elementor-widget-heading\" data-id=\"b42ce17\" data-element_type=\"widget\" data-widget_type=\"heading.default\">\n\t\t\t\t\t<h2 class=\"elementor-heading-title elementor-size-default\">Akademickie Technikum Wojskowe<\/h2>\t\t\t\t<\/div>\n\t\t\t\t<\/div>\n\t\t<div class=\"elementor-element elementor-element-e0d5dc2 e-flex e-con-boxed e-con e-parent\" data-id=\"e0d5dc2\" data-element_type=\"container\">\n\t\t\t\t\t<div class=\"e-con-inner\">\n\t\t<div class=\"elementor-element elementor-element-21712f5 e-con-full e-flex e-con e-child\" data-id=\"21712f5\" data-element_type=\"container\">\n\t\t<div class=\"elementor-element elementor-element-cdacf73 e-con-full e-flex e-con e-child\" data-id=\"cdacf73\" data-element_type=\"container\">\n\t\t<div class=\"elementor-element elementor-element-e27b508 animated-fast e-con-full e-flex e-con e-child\" data-id=\"e27b508\" data-element_type=\"container\" data-settings=\"{&quot;animation&quot;:&quot;none&quot;,&quot;background_background&quot;:&quot;classic&quot;}\">\n\t\t<div class=\"elementor-element elementor-element-cf5b257 e-con-full e-flex e-con e-child\" data-id=\"cf5b257\" data-element_type=\"container\">\n\t\t<div class=\"elementor-element elementor-element-6fef5af e-con-full e-flex e-con e-child\" data-id=\"6fef5af\" data-element_type=\"container\" data-settings=\"{&quot;shape_divider_top&quot;:&quot;arrow&quot;}\">\n\t\t\t\t<div class=\"elementor-shape elementor-shape-top\" aria-hidden=\"true\" data-negative=\"false\">\n\t\t\t<svg xmlns=\"http:\/\/www.w3.org\/2000\/svg\" viewBox=\"0 0 700 10\" preserveAspectRatio=\"none\">\n\t<path class=\"elementor-shape-fill\" d=\"M350,10L340,0h20L350,10z\"\/>\n<\/svg>\t\t<\/div>\n\t\t\t\t<div class=\"elementor-element elementor-element-ded7038 elementor-widget elementor-widget-image\" data-id=\"ded7038\" data-element_type=\"widget\" data-widget_type=\"image.default\">\n\t\t\t\t\t\t\t\t\t\t\t\t\t\t\t<img fetchpriority=\"high\" decoding=\"async\" width=\"501\" height=\"596\" src=\"https:\/\/nowa.zsa.wloclawek.pl\/wp-content\/uploads\/2026\/02\/tarczaATW.png\" class=\"attachment-full size-full wp-image-14160\" alt=\"\" \/>\t\t\t\t\t\t\t\t\t\t\t\t\t\t\t<\/div>\n\t\t\t\t<\/div>\n\t\t<div class=\"elementor-element elementor-element-ea34450 e-con-full e-flex e-con e-child\" data-id=\"ea34450\" data-element_type=\"container\">\n\t\t\t\t<div class=\"elementor-element elementor-element-c982207 elementor-view-default elementor-widget elementor-widget-icon\" data-id=\"c982207\" data-element_type=\"widget\" data-widget_type=\"icon.default\">\n\t\t\t\t\t\t\t<div class=\"elementor-icon-wrapper\">\n\t\t\t<div class=\"elementor-icon\">\n\t\t\t<svg aria-hidden=\"true\" class=\"e-font-icon-svg e-fas-user-graduate\" viewBox=\"0 0 448 512\" xmlns=\"http:\/\/www.w3.org\/2000\/svg\"><path d=\"M319.4 320.6L224 416l-95.4-95.4C57.1 323.7 0 382.2 0 454.4v9.6c0 26.5 21.5 48 48 48h352c26.5 0 48-21.5 48-48v-9.6c0-72.2-57.1-130.7-128.6-133.8zM13.6 79.8l6.4 1.5v58.4c-7 4.2-12 11.5-12 20.3 0 8.4 4.6 15.4 11.1 19.7L3.5 242c-1.7 6.9 2.1 14 7.6 14h41.8c5.5 0 9.3-7.1 7.6-14l-15.6-62.3C51.4 175.4 56 168.4 56 160c0-8.8-5-16.1-12-20.3V87.1l66 15.9c-8.6 17.2-14 36.4-14 57 0 70.7 57.3 128 128 128s128-57.3 128-128c0-20.6-5.3-39.8-14-57l96.3-23.2c18.2-4.4 18.2-27.1 0-31.5l-190.4-46c-13-3.1-26.7-3.1-39.7 0L13.6 48.2c-18.1 4.4-18.1 27.2 0 31.6z\"><\/path><\/svg>\t\t\t<\/div>\n\t\t<\/div>\n\t\t\t\t\t\t<\/div>\n\t\t\t\t<div class=\"elementor-element elementor-element-0951b0d elementor-widget-tablet__width-inherit elementor-widget elementor-widget-heading\" data-id=\"0951b0d\" data-element_type=\"widget\" data-widget_type=\"heading.default\">\n\t\t\t\t\t<h2 class=\"elementor-heading-title elementor-size-default\">Technik logistyk<\/h2>\t\t\t\t<\/div>\n\t\t\t\t<div class=\"elementor-element elementor-element-91730d4 elementor-widget-tablet__width-inherit elementor-widget__width-inherit elementor-widget elementor-widget-text-editor\" data-id=\"91730d4\" data-element_type=\"widget\" data-widget_type=\"text-editor.default\">\n\t\t\t\t\t\t\t\t\t<p><style>\na {\n    text-decoration: none;\n    color: #464feb;\n}\ntr th, tr td {\n    border: 1px solid #e6e6e6;\n}\ntr th {\n    background-color: #f5f5f5;\n}\n<\/style><\/p><div><p>W Akademickim Technikum Wojskowym kszta\u0142cimy przysz\u0142ych specjalist\u00f3w logistyki, kt\u00f3rzy chc\u0105 \u0142\u0105czy\u0107 wiedz\u0119 zawodow\u0105 z dyscyplin\u0105 i warto\u015bciami s\u0142u\u017cb mundurowych. Zdob\u0119dziesz praktyczne umiej\u0119tno\u015bci planowania, organizacji i zarz\u0105dzania transportem oraz zaopatrzeniem, a tak\u017ce do\u015bwiadczenie, kt\u00f3re otwiera drzwi do pracy w wojsku, s\u0142u\u017cbach i sektorze cywilnym.<\/p><p><strong>Tu zyskasz kompetencje, kt\u00f3re s\u0105 potrzebne wsz\u0119dzie \u2014 od si\u0142 zbrojnych po nowoczesne firmy logistyczne.<\/strong><\/p><\/div>\t\t\t\t\t\t\t\t<\/div>\n\t\t\t\t<div class=\"elementor-element elementor-element-68870bc elementor-align-left elementor-widget elementor-widget-button\" data-id=\"68870bc\" data-element_type=\"widget\" data-widget_type=\"button.default\">\n\t\t\t\t\t\t\t\t\t\t<a class=\"elementor-button elementor-button-link elementor-size-sm\" href=\"#\">\n\t\t\t\t\t\t<span class=\"elementor-button-content-wrapper\">\n\t\t\t\t\t\t\t\t\t<span class=\"elementor-button-text\">Czytaj wi\u0119cej<\/span>\n\t\t\t\t\t<\/span>\n\t\t\t\t\t<\/a>\n\t\t\t\t\t\t\t\t<\/div>\n\t\t\t\t<\/div>\n\t\t\t\t<\/div>\n\t\t\t\t<\/div>\n\t\t\t\t<\/div>\n\t\t\t\t<\/div>\n\t\t\t\t\t<\/div>\n\t\t\t\t<\/div>\n\t\t\t\t<\/div>\n\t\t","protected":false},"excerpt":{"rendered":"<p>Akademickie Technikum Wojskowe Technik logistyk W Akademickim Technikum Wojskowym kszta\u0142cimy przysz\u0142ych specjalist\u00f3w logistyki, kt\u00f3rzy chc\u0105 \u0142\u0105czy\u0107 wiedz\u0119 zawodow\u0105 z dyscyplin\u0105 i warto\u015bciami s\u0142u\u017cb mundurowych. Zdob\u0119dziesz praktyczne umiej\u0119tno\u015bci planowania, organizacji i zarz\u0105dzania transportem oraz zaopatrzeniem, a tak\u017ce do\u015bwiadczenie, kt\u00f3re otwiera drzwi do pracy w wojsku, s\u0142u\u017cbach i sektorze cywilnym. Tu zyskasz [&hellip;]<\/p>\n","protected":false},"author":2,"featured_media":0,"parent":0,"menu_order":0,"comment_status":"closed","ping_status":"closed","template":"page-templates\/full-width-transparent.php","meta":{"footnotes":""},"class_list":["post-14148","page","type-page","status-publish","hentry"],"_links":{"self":[{"href":"https:\/\/nowa.zsa.wloclawek.pl\/index.php?rest_route=\/wp\/v2\/pages\/14148","targetHints":{"allow":["GET"]}}],"collection":[{"href":"https:\/\/nowa.zsa.wloclawek.pl\/index.php?rest_route=\/wp\/v2\/pages"}],"about":[{"href":"https:\/\/nowa.zsa.wloclawek.pl\/index.php?rest_route=\/wp\/v2\/types\/page"}],"author":[{"embeddable":true,"href":"https:\/\/nowa.zsa.wloclawek.pl\/index.php?rest_route=\/wp\/v2\/users\/2"}],"replies":[{"embeddable":true,"href":"https:\/\/nowa.zsa.wloclawek.pl\/index.php?rest_route=%2Fwp%2Fv2%2Fcomments&post=14148"}],"version-history":[{"count":20,"href":"https:\/\/nowa.zsa.wloclawek.pl\/index.php?rest_route=\/wp\/v2\/pages\/14148\/revisions"}],"predecessor-version":[{"id":14169,"href":"https:\/\/nowa.zsa.wloclawek.pl\/index.php?rest_route=\/wp\/v2\/pages\/14148\/revisions\/14169"}],"wp:attachment":[{"href":"https:\/\/nowa.zsa.wloclawek.pl\/index.php?rest_route=%2Fwp%2Fv2%2Fmedia&parent=14148"}],"curies":[{"name":"wp","href":"https:\/\/api.w.org\/{rel}","templated":true}]}}