{"id":14080,"date":"2026-02-09T19:33:53","date_gmt":"2026-02-09T19:33:53","guid":{"rendered":"https:\/\/nowa.zsa.wloclawek.pl\/?page_id=14080"},"modified":"2026-02-09T20:19:46","modified_gmt":"2026-02-09T20:19:46","slug":"liceum_sportowe","status":"publish","type":"page","link":"https:\/\/nowa.zsa.wloclawek.pl\/?page_id=14080","title":{"rendered":"Liceum sportowe"},"content":{"rendered":"\t\t<div data-elementor-type=\"wp-page\" data-elementor-id=\"14080\" class=\"elementor elementor-14080\">\n\t\t\t\t<div class=\"elementor-element elementor-element-cb5309f e-con-full e-flex e-con e-parent\" data-id=\"cb5309f\" data-element_type=\"container\" data-settings=\"{&quot;background_background&quot;:&quot;classic&quot;}\">\n\t\t\t\t<div class=\"elementor-element elementor-element-55b8dec elementor-widget__width-initial elementor-widget-tablet__width-inherit elementor-widget elementor-widget-heading\" data-id=\"55b8dec\" data-element_type=\"widget\" data-widget_type=\"heading.default\">\n\t\t\t\t\t<h2 class=\"elementor-heading-title elementor-size-default\">Akademickie Liceum Og\u00f3lnokszta\u0142c\u0105ce Mistrzostwa Sportowego nr 1<\/h2>\t\t\t\t<\/div>\n\t\t\t\t<\/div>\n\t\t<div class=\"elementor-element elementor-element-ed64b5c e-flex e-con-boxed e-con e-parent\" data-id=\"ed64b5c\" data-element_type=\"container\">\n\t\t\t\t\t<div class=\"e-con-inner\">\n\t\t\t\t<div class=\"elementor-element elementor-element-5519236 elementor-widget elementor-widget-heading\" data-id=\"5519236\" data-element_type=\"widget\" data-widget_type=\"heading.default\">\n\t\t\t\t\t<h2 class=\"elementor-heading-title elementor-size-default\">Klasy sportowe<\/h2>\t\t\t\t<\/div>\n\t\t\t\t\t<\/div>\n\t\t\t\t<\/div>\n\t\t<div class=\"elementor-element elementor-element-ee4dc83 e-flex e-con-boxed e-con e-parent\" data-id=\"ee4dc83\" data-element_type=\"container\">\n\t\t\t\t\t<div class=\"e-con-inner\">\n\t\t<div class=\"elementor-element elementor-element-dfd9c60 e-con-full e-flex e-con e-child\" data-id=\"dfd9c60\" data-element_type=\"container\">\n\t\t<div class=\"elementor-element elementor-element-5103cbc animated-fast e-con-full e-flex e-con e-child\" data-id=\"5103cbc\" data-element_type=\"container\" data-settings=\"{&quot;animation&quot;:&quot;none&quot;,&quot;background_background&quot;:&quot;classic&quot;}\">\n\t\t<div class=\"elementor-element elementor-element-e6a83cc e-con-full e-flex e-con e-child\" data-id=\"e6a83cc\" data-element_type=\"container\">\n\t\t<div class=\"elementor-element elementor-element-7725adb e-con-full e-flex e-con e-child\" data-id=\"7725adb\" data-element_type=\"container\" data-settings=\"{&quot;shape_divider_top&quot;:&quot;arrow&quot;}\">\n\t\t\t\t<div class=\"elementor-shape elementor-shape-top\" aria-hidden=\"true\" data-negative=\"false\">\n\t\t\t<svg xmlns=\"http:\/\/www.w3.org\/2000\/svg\" viewBox=\"0 0 700 10\" preserveAspectRatio=\"none\">\n\t<path class=\"elementor-shape-fill\" d=\"M350,10L340,0h20L350,10z\"\/>\n<\/svg>\t\t<\/div>\n\t\t\t\t<div class=\"elementor-element elementor-element-3e8a30e elementor-widget elementor-widget-image\" data-id=\"3e8a30e\" data-element_type=\"widget\" data-widget_type=\"image.default\">\n\t\t\t\t\t\t\t\t\t\t\t\t\t\t\t<img fetchpriority=\"high\" decoding=\"async\" width=\"501\" height=\"596\" src=\"https:\/\/nowa.zsa.wloclawek.pl\/wp-content\/uploads\/2026\/02\/tarczaALOMS.png\" class=\"attachment-full size-full wp-image-14089\" alt=\"\" \/>\t\t\t\t\t\t\t\t\t\t\t\t\t\t\t<\/div>\n\t\t\t\t<\/div>\n\t\t<div class=\"elementor-element elementor-element-ae850b3 e-con-full e-flex e-con e-child\" data-id=\"ae850b3\" data-element_type=\"container\">\n\t\t\t\t<div class=\"elementor-element elementor-element-a2c92f6 elementor-view-default elementor-widget elementor-widget-icon\" data-id=\"a2c92f6\" data-element_type=\"widget\" data-widget_type=\"icon.default\">\n\t\t\t\t\t\t\t<div class=\"elementor-icon-wrapper\">\n\t\t\t<div class=\"elementor-icon\">\n\t\t\t<svg aria-hidden=\"true\" class=\"e-font-icon-svg e-fas-user-graduate\" viewBox=\"0 0 448 512\" xmlns=\"http:\/\/www.w3.org\/2000\/svg\"><path d=\"M319.4 320.6L224 416l-95.4-95.4C57.1 323.7 0 382.2 0 454.4v9.6c0 26.5 21.5 48 48 48h352c26.5 0 48-21.5 48-48v-9.6c0-72.2-57.1-130.7-128.6-133.8zM13.6 79.8l6.4 1.5v58.4c-7 4.2-12 11.5-12 20.3 0 8.4 4.6 15.4 11.1 19.7L3.5 242c-1.7 6.9 2.1 14 7.6 14h41.8c5.5 0 9.3-7.1 7.6-14l-15.6-62.3C51.4 175.4 56 168.4 56 160c0-8.8-5-16.1-12-20.3V87.1l66 15.9c-8.6 17.2-14 36.4-14 57 0 70.7 57.3 128 128 128s128-57.3 128-128c0-20.6-5.3-39.8-14-57l96.3-23.2c18.2-4.4 18.2-27.1 0-31.5l-190.4-46c-13-3.1-26.7-3.1-39.7 0L13.6 48.2c-18.1 4.4-18.1 27.2 0 31.6z\"><\/path><\/svg>\t\t\t<\/div>\n\t\t<\/div>\n\t\t\t\t\t\t<\/div>\n\t\t\t\t<div class=\"elementor-element elementor-element-5f8327b elementor-widget-tablet__width-inherit elementor-widget elementor-widget-heading\" data-id=\"5f8327b\" data-element_type=\"widget\" data-widget_type=\"heading.default\">\n\t\t\t\t\t<h2 class=\"elementor-heading-title elementor-size-default\">Ambicja. Pasja. Mistrzostwo.<\/h2>\t\t\t\t<\/div>\n\t\t\t\t<div class=\"elementor-element elementor-element-929f9b6 elementor-widget-tablet__width-inherit elementor-widget__width-inherit elementor-widget elementor-widget-text-editor\" data-id=\"929f9b6\" data-element_type=\"widget\" data-widget_type=\"text-editor.default\">\n\t\t\t\t\t\t\t\t\t<p><style>\na {<br \/>\n    text-decoration: none;<br \/>\n    color: #464feb;<br \/>\n}<br \/>\ntr th, tr td {<br \/>\n    border: 1px solid #e6e6e6;<br \/>\n}<br \/>\ntr th {<br \/>\n    background-color: #f5f5f5;<br \/>\n}<br \/>\n<\/style>\n<\/p>\n<div>\n<p>Akademickie Liceum Og\u00f3lnokszta\u0142c\u0105ce Mistrzostwa Sportowego to miejsce, w kt\u00f3rym nauka spotyka si\u0119 z profesjonalnym sportem. Tworzymy \u015brodowisko, w kt\u00f3rym m\u0142odzi zawodnicy mog\u0105 rozwija\u0107 sw\u00f3j talent, zdobywa\u0107 wiedz\u0119 na wysokim poziomie i kszta\u0142towa\u0107 charakter niezb\u0119dny do osi\u0105gania sukces\u00f3w.<\/p>\n<p>U nas uczniowie trenuj\u0105 pod okiem do\u015bwiadczonych specjalist\u00f3w, ucz\u0105 si\u0119 w przyjaznej atmosferze i buduj\u0105 solidne podstawy do przysz\u0142ej kariery \u2014 sportowej i akademickiej.<\/p>\n<p><strong>Do\u0142\u0105cz do ALOMS \u2014 tu rodz\u0105 si\u0119 mistrzowie!<\/strong><\/p>\n<\/div>\t\t\t\t\t\t\t\t<\/div>\n\t\t\t\t<div class=\"elementor-element elementor-element-9a81713 elementor-align-left elementor-widget elementor-widget-button\" data-id=\"9a81713\" data-element_type=\"widget\" data-widget_type=\"button.default\">\n\t\t\t\t\t\t\t\t\t\t<a class=\"elementor-button elementor-button-link elementor-size-sm\" href=\"#\">\n\t\t\t\t\t\t<span class=\"elementor-button-content-wrapper\">\n\t\t\t\t\t\t\t\t\t<span class=\"elementor-button-text\">Czytaj wi\u0119cej<\/span>\n\t\t\t\t\t<\/span>\n\t\t\t\t\t<\/a>\n\t\t\t\t\t\t\t\t<\/div>\n\t\t\t\t<\/div>\n\t\t\t\t<\/div>\n\t\t\t\t<\/div>\n\t\t\t\t<\/div>\n\t\t\t\t\t<\/div>\n\t\t\t\t<\/div>\n\t\t\t\t<\/div>\n\t\t","protected":false},"excerpt":{"rendered":"<p>Akademickie Liceum Og\u00f3lnokszta\u0142c\u0105ce Mistrzostwa Sportowego nr 1 Klasy sportowe Ambicja. Pasja. Mistrzostwo. Akademickie Liceum Og\u00f3lnokszta\u0142c\u0105ce Mistrzostwa Sportowego to miejsce, w kt\u00f3rym nauka spotyka si\u0119 z profesjonalnym sportem. Tworzymy \u015brodowisko, w kt\u00f3rym m\u0142odzi zawodnicy mog\u0105 rozwija\u0107 sw\u00f3j talent, zdobywa\u0107 wiedz\u0119 na wysokim poziomie i kszta\u0142towa\u0107 charakter niezb\u0119dny do osi\u0105gania sukces\u00f3w. U [&hellip;]<\/p>\n","protected":false},"author":2,"featured_media":0,"parent":0,"menu_order":0,"comment_status":"closed","ping_status":"closed","template":"page-templates\/full-width-transparent.php","meta":{"footnotes":""},"class_list":["post-14080","page","type-page","status-publish","hentry"],"_links":{"self":[{"href":"https:\/\/nowa.zsa.wloclawek.pl\/index.php?rest_route=\/wp\/v2\/pages\/14080","targetHints":{"allow":["GET"]}}],"collection":[{"href":"https:\/\/nowa.zsa.wloclawek.pl\/index.php?rest_route=\/wp\/v2\/pages"}],"about":[{"href":"https:\/\/nowa.zsa.wloclawek.pl\/index.php?rest_route=\/wp\/v2\/types\/page"}],"author":[{"embeddable":true,"href":"https:\/\/nowa.zsa.wloclawek.pl\/index.php?rest_route=\/wp\/v2\/users\/2"}],"replies":[{"embeddable":true,"href":"https:\/\/nowa.zsa.wloclawek.pl\/index.php?rest_route=%2Fwp%2Fv2%2Fcomments&post=14080"}],"version-history":[{"count":23,"href":"https:\/\/nowa.zsa.wloclawek.pl\/index.php?rest_route=\/wp\/v2\/pages\/14080\/revisions"}],"predecessor-version":[{"id":14129,"href":"https:\/\/nowa.zsa.wloclawek.pl\/index.php?rest_route=\/wp\/v2\/pages\/14080\/revisions\/14129"}],"wp:attachment":[{"href":"https:\/\/nowa.zsa.wloclawek.pl\/index.php?rest_route=%2Fwp%2Fv2%2Fmedia&parent=14080"}],"curies":[{"name":"wp","href":"https:\/\/api.w.org\/{rel}","templated":true}]}}