{"id":14052,"date":"2026-02-09T19:25:31","date_gmt":"2026-02-09T19:25:31","guid":{"rendered":"https:\/\/nowa.zsa.wloclawek.pl\/?page_id=14052"},"modified":"2026-02-09T20:18:07","modified_gmt":"2026-02-09T20:18:07","slug":"liceum_ogolne","status":"publish","type":"page","link":"https:\/\/nowa.zsa.wloclawek.pl\/?page_id=14052","title":{"rendered":"Liceum og\u00f3lne"},"content":{"rendered":"\t\t<div data-elementor-type=\"wp-page\" data-elementor-id=\"14052\" class=\"elementor elementor-14052\">\n\t\t\t\t<div class=\"elementor-element elementor-element-e64d78e e-con-full e-flex e-con e-parent\" data-id=\"e64d78e\" data-element_type=\"container\" data-settings=\"{&quot;background_background&quot;:&quot;classic&quot;}\">\n\t\t\t\t<div class=\"elementor-element elementor-element-21eece8 elementor-widget__width-initial elementor-widget-tablet__width-inherit elementor-widget elementor-widget-heading\" data-id=\"21eece8\" data-element_type=\"widget\" data-widget_type=\"heading.default\">\n\t\t\t\t\t<h2 class=\"elementor-heading-title elementor-size-default\">Akademickie Liceum Og\u00f3lnokszta\u0142c\u0105ce nr 1<\/h2>\t\t\t\t<\/div>\n\t\t\t\t<\/div>\n\t\t<div class=\"elementor-element elementor-element-2298423 e-flex e-con-boxed e-con e-parent\" data-id=\"2298423\" data-element_type=\"container\">\n\t\t\t\t\t<div class=\"e-con-inner\">\n\t\t\t\t<div class=\"elementor-element elementor-element-58ffe7d elementor-widget elementor-widget-heading\" data-id=\"58ffe7d\" data-element_type=\"widget\" data-widget_type=\"heading.default\">\n\t\t\t\t\t<h2 class=\"elementor-heading-title elementor-size-default\">Klasy og\u00f3lnokszta\u0142c\u0105ce<\/h2>\t\t\t\t<\/div>\n\t\t\t\t\t<\/div>\n\t\t\t\t<\/div>\n\t\t<div class=\"elementor-element elementor-element-f9739b2 e-flex e-con-boxed e-con e-parent\" data-id=\"f9739b2\" data-element_type=\"container\">\n\t\t\t\t\t<div class=\"e-con-inner\">\n\t\t<div class=\"elementor-element elementor-element-600c7e1 e-con-full e-flex e-con e-child\" data-id=\"600c7e1\" data-element_type=\"container\">\n\t\t<div class=\"elementor-element elementor-element-b647c56 animated-fast e-con-full e-flex e-con e-child\" data-id=\"b647c56\" data-element_type=\"container\" data-settings=\"{&quot;animation&quot;:&quot;none&quot;,&quot;background_background&quot;:&quot;classic&quot;}\">\n\t\t<div class=\"elementor-element elementor-element-d30282f e-con-full e-flex e-con e-child\" data-id=\"d30282f\" data-element_type=\"container\">\n\t\t<div class=\"elementor-element elementor-element-b24e191 e-con-full e-flex e-con e-child\" data-id=\"b24e191\" data-element_type=\"container\" data-settings=\"{&quot;shape_divider_top&quot;:&quot;arrow&quot;}\">\n\t\t\t\t<div class=\"elementor-shape elementor-shape-top\" aria-hidden=\"true\" data-negative=\"false\">\n\t\t\t<svg xmlns=\"http:\/\/www.w3.org\/2000\/svg\" viewBox=\"0 0 700 10\" preserveAspectRatio=\"none\">\n\t<path class=\"elementor-shape-fill\" d=\"M350,10L340,0h20L350,10z\"\/>\n<\/svg>\t\t<\/div>\n\t\t\t\t<div class=\"elementor-element elementor-element-ad53e16 elementor-widget elementor-widget-image\" data-id=\"ad53e16\" data-element_type=\"widget\" data-widget_type=\"image.default\">\n\t\t\t\t\t\t\t\t\t\t\t\t\t\t\t<img fetchpriority=\"high\" decoding=\"async\" width=\"501\" height=\"596\" src=\"https:\/\/nowa.zsa.wloclawek.pl\/wp-content\/uploads\/2026\/02\/tarczaALO.png\" class=\"attachment-full size-full wp-image-14064\" alt=\"\" \/>\t\t\t\t\t\t\t\t\t\t\t\t\t\t\t<\/div>\n\t\t\t\t<\/div>\n\t\t<div class=\"elementor-element elementor-element-ccb8c1e e-con-full e-flex e-con e-child\" data-id=\"ccb8c1e\" data-element_type=\"container\">\n\t\t\t\t<div class=\"elementor-element elementor-element-9d8c093 elementor-view-default elementor-widget elementor-widget-icon\" data-id=\"9d8c093\" data-element_type=\"widget\" data-widget_type=\"icon.default\">\n\t\t\t\t\t\t\t<div class=\"elementor-icon-wrapper\">\n\t\t\t<div class=\"elementor-icon\">\n\t\t\t<svg aria-hidden=\"true\" class=\"e-font-icon-svg e-fas-user-graduate\" viewBox=\"0 0 448 512\" xmlns=\"http:\/\/www.w3.org\/2000\/svg\"><path d=\"M319.4 320.6L224 416l-95.4-95.4C57.1 323.7 0 382.2 0 454.4v9.6c0 26.5 21.5 48 48 48h352c26.5 0 48-21.5 48-48v-9.6c0-72.2-57.1-130.7-128.6-133.8zM13.6 79.8l6.4 1.5v58.4c-7 4.2-12 11.5-12 20.3 0 8.4 4.6 15.4 11.1 19.7L3.5 242c-1.7 6.9 2.1 14 7.6 14h41.8c5.5 0 9.3-7.1 7.6-14l-15.6-62.3C51.4 175.4 56 168.4 56 160c0-8.8-5-16.1-12-20.3V87.1l66 15.9c-8.6 17.2-14 36.4-14 57 0 70.7 57.3 128 128 128s128-57.3 128-128c0-20.6-5.3-39.8-14-57l96.3-23.2c18.2-4.4 18.2-27.1 0-31.5l-190.4-46c-13-3.1-26.7-3.1-39.7 0L13.6 48.2c-18.1 4.4-18.1 27.2 0 31.6z\"><\/path><\/svg>\t\t\t<\/div>\n\t\t<\/div>\n\t\t\t\t\t\t<\/div>\n\t\t\t\t<div class=\"elementor-element elementor-element-a5d8e2a elementor-widget-tablet__width-inherit elementor-widget elementor-widget-heading\" data-id=\"a5d8e2a\" data-element_type=\"widget\" data-widget_type=\"heading.default\">\n\t\t\t\t\t<h2 class=\"elementor-heading-title elementor-size-default\">Twoja przysz\u0142o\u015b\u0107. Nasza pasja!<\/h2>\t\t\t\t<\/div>\n\t\t\t\t<div class=\"elementor-element elementor-element-a2ec435 elementor-widget-tablet__width-inherit elementor-widget__width-inherit elementor-widget elementor-widget-text-editor\" data-id=\"a2ec435\" data-element_type=\"widget\" data-widget_type=\"text-editor.default\">\n\t\t\t\t\t\t\t\t\t<p><style>\na {\n    text-decoration: none;\n    color: #464feb;\n}\ntr th, tr td {\n    border: 1px solid #e6e6e6;\n}\ntr th {\n    background-color: #f5f5f5;\n}\n<\/style><\/p><div><p>Akademickie Liceum Og\u00f3lnokszta\u0142c\u0105ce to miejsce dla m\u0142odych ludzi, kt\u00f3rzy chc\u0105 si\u0119 rozwija\u0107, my\u015ble\u0107 samodzielnie i odwa\u017cnie patrze\u0107 w przysz\u0142o\u015b\u0107. Oferujemy inspiruj\u0105ce \u015brodowisko, ambitne nauczanie, wsparcie nauczycieli\u2013pasjonat\u00f3w oraz atmosfer\u0119 sprzyjaj\u0105c\u0105 odkrywaniu talent\u00f3w.<\/p><p>U nas uczniowie zdobywaj\u0105 wiedz\u0119, kt\u00f3r\u0105 naprawd\u0119 potrafi\u0105 wykorzysta\u0107 \u2014 zar\u00f3wno w dalszej edukacji, jak i w \u017cyciu.<\/p><p><strong>Do\u0142\u0105cz do ALO \u2014 tu zaczyna si\u0119 droga ku Twoim marzeniom!<\/strong><\/p><\/div>\t\t\t\t\t\t\t\t<\/div>\n\t\t\t\t<div class=\"elementor-element elementor-element-b704348 elementor-align-left elementor-widget elementor-widget-button\" data-id=\"b704348\" data-element_type=\"widget\" data-widget_type=\"button.default\">\n\t\t\t\t\t\t\t\t\t\t<a class=\"elementor-button elementor-button-link elementor-size-sm\" href=\"#\">\n\t\t\t\t\t\t<span class=\"elementor-button-content-wrapper\">\n\t\t\t\t\t\t\t\t\t<span class=\"elementor-button-text\">Czytaj wi\u0119cej<\/span>\n\t\t\t\t\t<\/span>\n\t\t\t\t\t<\/a>\n\t\t\t\t\t\t\t\t<\/div>\n\t\t\t\t<\/div>\n\t\t\t\t<\/div>\n\t\t\t\t<\/div>\n\t\t\t\t<\/div>\n\t\t\t\t\t<\/div>\n\t\t\t\t<\/div>\n\t\t\t\t<\/div>\n\t\t","protected":false},"excerpt":{"rendered":"<p>Akademickie Liceum Og\u00f3lnokszta\u0142c\u0105ce nr 1 Klasy og\u00f3lnokszta\u0142c\u0105ce Twoja przysz\u0142o\u015b\u0107. Nasza pasja! Akademickie Liceum Og\u00f3lnokszta\u0142c\u0105ce to miejsce dla m\u0142odych ludzi, kt\u00f3rzy chc\u0105 si\u0119 rozwija\u0107, my\u015ble\u0107 samodzielnie i odwa\u017cnie patrze\u0107 w przysz\u0142o\u015b\u0107. Oferujemy inspiruj\u0105ce \u015brodowisko, ambitne nauczanie, wsparcie nauczycieli\u2013pasjonat\u00f3w oraz atmosfer\u0119 sprzyjaj\u0105c\u0105 odkrywaniu talent\u00f3w. U nas uczniowie zdobywaj\u0105 wiedz\u0119, kt\u00f3r\u0105 naprawd\u0119 potrafi\u0105 [&hellip;]<\/p>\n","protected":false},"author":2,"featured_media":0,"parent":0,"menu_order":0,"comment_status":"closed","ping_status":"closed","template":"page-templates\/full-width-transparent.php","meta":{"footnotes":""},"class_list":["post-14052","page","type-page","status-publish","hentry"],"_links":{"self":[{"href":"https:\/\/nowa.zsa.wloclawek.pl\/index.php?rest_route=\/wp\/v2\/pages\/14052","targetHints":{"allow":["GET"]}}],"collection":[{"href":"https:\/\/nowa.zsa.wloclawek.pl\/index.php?rest_route=\/wp\/v2\/pages"}],"about":[{"href":"https:\/\/nowa.zsa.wloclawek.pl\/index.php?rest_route=\/wp\/v2\/types\/page"}],"author":[{"embeddable":true,"href":"https:\/\/nowa.zsa.wloclawek.pl\/index.php?rest_route=\/wp\/v2\/users\/2"}],"replies":[{"embeddable":true,"href":"https:\/\/nowa.zsa.wloclawek.pl\/index.php?rest_route=%2Fwp%2Fv2%2Fcomments&post=14052"}],"version-history":[{"count":26,"href":"https:\/\/nowa.zsa.wloclawek.pl\/index.php?rest_route=\/wp\/v2\/pages\/14052\/revisions"}],"predecessor-version":[{"id":14126,"href":"https:\/\/nowa.zsa.wloclawek.pl\/index.php?rest_route=\/wp\/v2\/pages\/14052\/revisions\/14126"}],"wp:attachment":[{"href":"https:\/\/nowa.zsa.wloclawek.pl\/index.php?rest_route=%2Fwp%2Fv2%2Fmedia&parent=14052"}],"curies":[{"name":"wp","href":"https:\/\/api.w.org\/{rel}","templated":true}]}}