{"id":12410,"date":"2026-01-02T20:27:04","date_gmt":"2026-01-02T20:27:04","guid":{"rendered":"https:\/\/nowa.zsa.wloclawek.pl\/?page_id=12410"},"modified":"2026-02-09T21:05:26","modified_gmt":"2026-02-09T21:05:26","slug":"atw","status":"publish","type":"page","link":"https:\/\/nowa.zsa.wloclawek.pl\/?page_id=12410","title":{"rendered":"Technikum"},"content":{"rendered":"\t\t<div data-elementor-type=\"wp-page\" data-elementor-id=\"12410\" class=\"elementor elementor-12410\">\n\t\t\t\t<div class=\"elementor-element elementor-element-649c3cb e-con-full e-flex e-con e-parent\" data-id=\"649c3cb\" data-element_type=\"container\" data-settings=\"{&quot;background_background&quot;:&quot;classic&quot;}\">\n\t\t\t\t<div class=\"elementor-element elementor-element-7fdc452 elementor-widget__width-initial elementor-widget-tablet__width-inherit elementor-widget elementor-widget-heading\" data-id=\"7fdc452\" data-element_type=\"widget\" data-widget_type=\"heading.default\">\n\t\t\t\t\t<h2 class=\"elementor-heading-title elementor-size-default\">Akademickie Technikum Wojskowe <\/h2>\t\t\t\t<\/div>\n\t\t\t\t<\/div>\n\t\t<div class=\"elementor-element elementor-element-60e47fc e-flex e-con-boxed e-con e-parent\" data-id=\"60e47fc\" data-element_type=\"container\">\n\t\t\t\t\t<div class=\"e-con-inner\">\n\t\t\t\t<div class=\"elementor-element elementor-element-0153fd6 elementor-widget elementor-widget-image\" data-id=\"0153fd6\" data-element_type=\"widget\" data-widget_type=\"image.default\">\n\t\t\t\t\t\t\t\t\t\t\t\t\t\t\t<img fetchpriority=\"high\" decoding=\"async\" width=\"930\" height=\"930\" src=\"https:\/\/nowa.zsa.wloclawek.pl\/wp-content\/uploads\/2026\/02\/technikum.png\" class=\"attachment-large size-large wp-image-14012\" alt=\"\" \/>\t\t\t\t\t\t\t\t\t\t\t\t\t\t\t<\/div>\n\t\t\t\t\t<\/div>\n\t\t\t\t<\/div>\n\t\t<div class=\"elementor-element elementor-element-1f41380 e-flex e-con-boxed e-con e-parent\" data-id=\"1f41380\" data-element_type=\"container\">\n\t\t\t\t\t<div class=\"e-con-inner\">\n\t\t\t\t<div class=\"elementor-element elementor-element-d0ef741 elementor-widget elementor-widget-n-accordion\" data-id=\"d0ef741\" data-element_type=\"widget\" data-settings=\"{&quot;default_state&quot;:&quot;all_collapsed&quot;,&quot;max_items_expended&quot;:&quot;one&quot;,&quot;n_accordion_animation_duration&quot;:{&quot;unit&quot;:&quot;ms&quot;,&quot;size&quot;:400,&quot;sizes&quot;:[]}}\" data-widget_type=\"nested-accordion.default\">\n\t\t\t\t\t\t\t<div class=\"e-n-accordion\" aria-label=\"Accordion. Open links with Enter or Space, close with Escape, and navigate with Arrow Keys\">\n\t\t\t\t\t\t<details id=\"e-n-accordion-item-2190\" class=\"e-n-accordion-item\" >\n\t\t\t\t<summary class=\"e-n-accordion-item-title\" data-accordion-index=\"1\" tabindex=\"0\" aria-expanded=\"false\" aria-controls=\"e-n-accordion-item-2190\" >\n\t\t\t\t\t<span class='e-n-accordion-item-title-header'><div class=\"e-n-accordion-item-title-text\"> Kliknij i wybierz interesuj\u0105cy Ciebie zaw\u00f3d <\/div><\/span>\n\t\t\t\t\t\t\t<span class='e-n-accordion-item-title-icon'>\n\t\t\t<span class='e-opened' ><svg aria-hidden=\"true\" class=\"e-font-icon-svg e-fas-minus\" viewBox=\"0 0 448 512\" xmlns=\"http:\/\/www.w3.org\/2000\/svg\"><path d=\"M416 208H32c-17.67 0-32 14.33-32 32v32c0 17.67 14.33 32 32 32h384c17.67 0 32-14.33 32-32v-32c0-17.67-14.33-32-32-32z\"><\/path><\/svg><\/span>\n\t\t\t<span class='e-closed'><svg aria-hidden=\"true\" class=\"e-font-icon-svg e-fas-plus\" viewBox=\"0 0 448 512\" xmlns=\"http:\/\/www.w3.org\/2000\/svg\"><path d=\"M416 208H272V64c0-17.67-14.33-32-32-32h-32c-17.67 0-32 14.33-32 32v144H32c-17.67 0-32 14.33-32 32v32c0 17.67 14.33 32 32 32h144v144c0 17.67 14.33 32 32 32h32c17.67 0 32-14.33 32-32V304h144c17.67 0 32-14.33 32-32v-32c0-17.67-14.33-32-32-32z\"><\/path><\/svg><\/span>\n\t\t<\/span>\n\n\t\t\t\t\t\t<\/summary>\n\t\t\t\t<div role=\"region\" aria-labelledby=\"e-n-accordion-item-2190\" class=\"elementor-element elementor-element-12b1a80 e-con-full e-flex e-con e-child\" data-id=\"12b1a80\" data-element_type=\"container\" data-settings=\"{&quot;background_background&quot;:&quot;classic&quot;}\">\n\t\t<div role=\"region\" aria-labelledby=\"e-n-accordion-item-2190\" class=\"elementor-element elementor-element-3317f3e e-con-full e-flex e-con e-child\" data-id=\"3317f3e\" data-element_type=\"container\">\n\t\t<div role=\"region\" aria-labelledby=\"e-n-accordion-item-2190\" class=\"elementor-element elementor-element-5f6d66f e-con-full e-flex e-con e-child\" data-id=\"5f6d66f\" data-element_type=\"container\" data-settings=\"{&quot;background_background&quot;:&quot;classic&quot;}\">\n\t\t\t\t<div class=\"elementor-element elementor-element-a768219 elementor-widget-tablet__width-inherit elementor-widget__width-inherit elementor-widget elementor-widget-heading\" data-id=\"a768219\" data-element_type=\"widget\" data-widget_type=\"heading.default\">\n\t\t\t\t\t<h2 class=\"elementor-heading-title elementor-size-default\"><a href=\"https:\/\/nowa.zsa.wloclawek.pl\/?page_id=14148\">Technik logistyk<\/a><\/h2>\t\t\t\t<\/div>\n\t\t\t\t<div class=\"elementor-element elementor-element-e8dac02 elementor-widget__width-inherit elementor-widget elementor-widget-text-editor\" data-id=\"e8dac02\" data-element_type=\"widget\" data-widget_type=\"text-editor.default\">\n\t\t\t\t\t\t\t\t\t<p>Technik logistyk to zaw\u00f3d obejmuj\u0105cy planowanie, organizacj\u0119, kierowanie i kontrolowanie proces\u00f3w zwi\u0105zanych z przemieszczaniem towar\u00f3w od producenta do konsumenta. zaw\u00f3d wymaga wiedzy z zakresu planowania, finans\u00f3w, marketingu, transportu, spedycji i prawa.<span class=\"uJ19be notranslate\" data-wiz-uids=\"AwPefe_c,AwPefe_d,AwPefe_e\"><span class=\"vKEkVd\" data-animation-atomic=\"\">\u00a0<\/span><\/span><\/p>\t\t\t\t\t\t\t\t<\/div>\n\t\t\t\t<div class=\"elementor-element elementor-element-1f53b2a elementor-widget elementor-widget-button\" data-id=\"1f53b2a\" data-element_type=\"widget\" data-widget_type=\"button.default\">\n\t\t\t\t\t\t\t\t\t\t<a class=\"elementor-button elementor-button-link elementor-size-sm\" href=\"https:\/\/nowa.zsa.wloclawek.pl\/?page_id=14148\">\n\t\t\t\t\t\t<span class=\"elementor-button-content-wrapper\">\n\t\t\t\t\t\t<span class=\"elementor-button-icon\">\n\t\t\t\t<svg aria-hidden=\"true\" class=\"e-font-icon-svg e-fas-arrow-right\" viewBox=\"0 0 448 512\" xmlns=\"http:\/\/www.w3.org\/2000\/svg\"><path d=\"M190.5 66.9l22.2-22.2c9.4-9.4 24.6-9.4 33.9 0L441 239c9.4 9.4 9.4 24.6 0 33.9L246.6 467.3c-9.4 9.4-24.6 9.4-33.9 0l-22.2-22.2c-9.5-9.5-9.3-25 .4-34.3L311.4 296H24c-13.3 0-24-10.7-24-24v-32c0-13.3 10.7-24 24-24h287.4L190.9 101.2c-9.8-9.3-10-24.8-.4-34.3z\"><\/path><\/svg>\t\t\t<\/span>\n\t\t\t\t\t\t\t\t\t<span class=\"elementor-button-text\">Czytaj wi\u0119cej<\/span>\n\t\t\t\t\t<\/span>\n\t\t\t\t\t<\/a>\n\t\t\t\t\t\t\t\t<\/div>\n\t\t\t\t<\/div>\n\t\t<div role=\"region\" aria-labelledby=\"e-n-accordion-item-2190\" class=\"elementor-element elementor-element-d38aa04 e-con-full e-flex e-con e-child\" data-id=\"d38aa04\" data-element_type=\"container\" data-settings=\"{&quot;background_background&quot;:&quot;classic&quot;}\">\n\t\t\t\t<div class=\"elementor-element elementor-element-5c2d112 elementor-widget-tablet__width-inherit elementor-widget__width-inherit elementor-widget elementor-widget-heading\" data-id=\"5c2d112\" data-element_type=\"widget\" data-widget_type=\"heading.default\">\n\t\t\t\t\t<h2 class=\"elementor-heading-title elementor-size-default\"><a href=\"https:\/\/nowa.zsa.wloclawek.pl\/?page_id=14170\">Technik teleinformatyk<\/a><\/h2>\t\t\t\t<\/div>\n\t\t\t\t<div class=\"elementor-element elementor-element-2568335 elementor-widget__width-inherit elementor-widget elementor-widget-text-editor\" data-id=\"2568335\" data-element_type=\"widget\" data-widget_type=\"text-editor.default\">\n\t\t\t\t\t\t\t\t\t<p>Technik teleinformatyk to\u00a0specjalista, kt\u00f3ry \u0142\u0105czy wiedz\u0119 z zakresu informatyki, elektroniki i telekomunikacji, zajmuj\u0105c si\u0119 budow\u0105, instalacj\u0105, konfiguracj\u0105 i utrzymaniem sieci teleinformatycznych oraz system\u00f3w komputerowych.<\/p>\t\t\t\t\t\t\t\t<\/div>\n\t\t\t\t<div class=\"elementor-element elementor-element-e3f34f3 elementor-widget elementor-widget-button\" data-id=\"e3f34f3\" data-element_type=\"widget\" data-widget_type=\"button.default\">\n\t\t\t\t\t\t\t\t\t\t<a class=\"elementor-button elementor-button-link elementor-size-sm\" href=\"https:\/\/nowa.zsa.wloclawek.pl\/?page_id=14170\">\n\t\t\t\t\t\t<span class=\"elementor-button-content-wrapper\">\n\t\t\t\t\t\t<span class=\"elementor-button-icon\">\n\t\t\t\t<svg aria-hidden=\"true\" class=\"e-font-icon-svg e-fas-arrow-right\" viewBox=\"0 0 448 512\" xmlns=\"http:\/\/www.w3.org\/2000\/svg\"><path d=\"M190.5 66.9l22.2-22.2c9.4-9.4 24.6-9.4 33.9 0L441 239c9.4 9.4 9.4 24.6 0 33.9L246.6 467.3c-9.4 9.4-24.6 9.4-33.9 0l-22.2-22.2c-9.5-9.5-9.3-25 .4-34.3L311.4 296H24c-13.3 0-24-10.7-24-24v-32c0-13.3 10.7-24 24-24h287.4L190.9 101.2c-9.8-9.3-10-24.8-.4-34.3z\"><\/path><\/svg>\t\t\t<\/span>\n\t\t\t\t\t\t\t\t\t<span class=\"elementor-button-text\">Czytaj wi\u0119cej<\/span>\n\t\t\t\t\t<\/span>\n\t\t\t\t\t<\/a>\n\t\t\t\t\t\t\t\t<\/div>\n\t\t\t\t<\/div>\n\t\t<div role=\"region\" aria-labelledby=\"e-n-accordion-item-2190\" class=\"elementor-element elementor-element-0624a78 e-con-full e-flex e-con e-child\" data-id=\"0624a78\" data-element_type=\"container\" data-settings=\"{&quot;background_background&quot;:&quot;classic&quot;}\">\n\t\t\t\t<div class=\"elementor-element elementor-element-c709f04 elementor-widget-tablet__width-inherit elementor-widget__width-inherit elementor-widget elementor-widget-heading\" data-id=\"c709f04\" data-element_type=\"widget\" data-widget_type=\"heading.default\">\n\t\t\t\t\t<h2 class=\"elementor-heading-title elementor-size-default\"><a href=\"https:\/\/nowa.zsa.wloclawek.pl\/?page_id=14185\">Oddzia\u0142 Przygotowania Wojskowego<\/a><\/h2>\t\t\t\t<\/div>\n\t\t\t\t<div class=\"elementor-element elementor-element-407cc30 elementor-widget__width-inherit elementor-widget elementor-widget-text-editor\" data-id=\"407cc30\" data-element_type=\"widget\" data-widget_type=\"text-editor.default\">\n\t\t\t\t\t\t\t\t\t<p><span data-huuid=\"2542113023435010265\">OPW to klasa, kt\u00f3ra oferuje nauk\u0119 zbli\u017con\u0105 do wojskowej, pod nadzorem Ministerstwa Obrony Narodowej. Absolwenci mog\u0105 r\u00f3wnie\u017c liczy\u0107 na dodatkowe punkty przy rekrutacji na uczelnie wojskowe.<\/span><\/p>\t\t\t\t\t\t\t\t<\/div>\n\t\t\t\t<div class=\"elementor-element elementor-element-4be54d9 elementor-widget elementor-widget-button\" data-id=\"4be54d9\" data-element_type=\"widget\" data-widget_type=\"button.default\">\n\t\t\t\t\t\t\t\t\t\t<a class=\"elementor-button elementor-button-link elementor-size-sm\" href=\"https:\/\/nowa.zsa.wloclawek.pl\/?page_id=14185\">\n\t\t\t\t\t\t<span class=\"elementor-button-content-wrapper\">\n\t\t\t\t\t\t<span class=\"elementor-button-icon\">\n\t\t\t\t<svg aria-hidden=\"true\" class=\"e-font-icon-svg e-fas-arrow-right\" viewBox=\"0 0 448 512\" xmlns=\"http:\/\/www.w3.org\/2000\/svg\"><path d=\"M190.5 66.9l22.2-22.2c9.4-9.4 24.6-9.4 33.9 0L441 239c9.4 9.4 9.4 24.6 0 33.9L246.6 467.3c-9.4 9.4-24.6 9.4-33.9 0l-22.2-22.2c-9.5-9.5-9.3-25 .4-34.3L311.4 296H24c-13.3 0-24-10.7-24-24v-32c0-13.3 10.7-24 24-24h287.4L190.9 101.2c-9.8-9.3-10-24.8-.4-34.3z\"><\/path><\/svg>\t\t\t<\/span>\n\t\t\t\t\t\t\t\t\t<span class=\"elementor-button-text\">Czytaj wi\u0119cej<\/span>\n\t\t\t\t\t<\/span>\n\t\t\t\t\t<\/a>\n\t\t\t\t\t\t\t\t<\/div>\n\t\t\t\t<\/div>\n\t\t\t\t<\/div>\n\t\t\t\t<div class=\"elementor-element elementor-element-4de8ba8 elementor-widget__width-initial elementor-widget elementor-widget-image\" data-id=\"4de8ba8\" data-element_type=\"widget\" data-widget_type=\"image.default\">\n\t\t\t\t\t\t\t\t\t\t\t\t\t\t\t<img decoding=\"async\" width=\"1\" height=\"1\" src=\"https:\/\/nowa.zsa.wloclawek.pl\/wp-content\/uploads\/2025\/03\/pro-3.png\" class=\"attachment-thumbnail size-thumbnail wp-image-10773\" alt=\"\" \/>\t\t\t\t\t\t\t\t\t\t\t\t\t\t\t<\/div>\n\t\t\t\t<\/div>\n\t\t\t\t\t<\/details>\n\t\t\t\t\t<\/div>\n\t\t\t\t\t\t<\/div>\n\t\t\t\t\t<\/div>\n\t\t\t\t<\/div>\n\t\t\t\t<\/div>\n\t\t","protected":false},"excerpt":{"rendered":"<p>Akademickie Technikum Wojskowe Kliknij i wybierz interesuj\u0105cy Ciebie zaw\u00f3d Technik logistyk Technik logistyk to zaw\u00f3d obejmuj\u0105cy planowanie, organizacj\u0119, kierowanie i kontrolowanie proces\u00f3w zwi\u0105zanych z przemieszczaniem towar\u00f3w od producenta do konsumenta. zaw\u00f3d wymaga wiedzy z zakresu planowania, finans\u00f3w, marketingu, transportu, spedycji i prawa.\u00a0 Czytaj wi\u0119cej Technik teleinformatyk Technik teleinformatyk to\u00a0specjalista, kt\u00f3ry [&hellip;]<\/p>\n","protected":false},"author":2,"featured_media":0,"parent":0,"menu_order":0,"comment_status":"closed","ping_status":"closed","template":"page-templates\/full-width-transparent.php","meta":{"footnotes":""},"class_list":["post-12410","page","type-page","status-publish","hentry"],"_links":{"self":[{"href":"https:\/\/nowa.zsa.wloclawek.pl\/index.php?rest_route=\/wp\/v2\/pages\/12410","targetHints":{"allow":["GET"]}}],"collection":[{"href":"https:\/\/nowa.zsa.wloclawek.pl\/index.php?rest_route=\/wp\/v2\/pages"}],"about":[{"href":"https:\/\/nowa.zsa.wloclawek.pl\/index.php?rest_route=\/wp\/v2\/types\/page"}],"author":[{"embeddable":true,"href":"https:\/\/nowa.zsa.wloclawek.pl\/index.php?rest_route=\/wp\/v2\/users\/2"}],"replies":[{"embeddable":true,"href":"https:\/\/nowa.zsa.wloclawek.pl\/index.php?rest_route=%2Fwp%2Fv2%2Fcomments&post=12410"}],"version-history":[{"count":32,"href":"https:\/\/nowa.zsa.wloclawek.pl\/index.php?rest_route=\/wp\/v2\/pages\/12410\/revisions"}],"predecessor-version":[{"id":14217,"href":"https:\/\/nowa.zsa.wloclawek.pl\/index.php?rest_route=\/wp\/v2\/pages\/12410\/revisions\/14217"}],"wp:attachment":[{"href":"https:\/\/nowa.zsa.wloclawek.pl\/index.php?rest_route=%2Fwp%2Fv2%2Fmedia&parent=12410"}],"curies":[{"name":"wp","href":"https:\/\/api.w.org\/{rel}","templated":true}]}}