{"id":12403,"date":"2026-01-02T20:22:38","date_gmt":"2026-01-02T20:22:38","guid":{"rendered":"https:\/\/nowa.zsa.wloclawek.pl\/?page_id=12403"},"modified":"2026-02-09T20:22:32","modified_gmt":"2026-02-09T20:22:32","slug":"alo","status":"publish","type":"page","link":"https:\/\/nowa.zsa.wloclawek.pl\/?page_id=12403","title":{"rendered":"Licea og\u00f3lnokszta\u0142c\u0105ce"},"content":{"rendered":"\t\t<div data-elementor-type=\"wp-page\" data-elementor-id=\"12403\" class=\"elementor elementor-12403\">\n\t\t\t\t<div class=\"elementor-element elementor-element-431b99e e-con-full e-flex e-con e-parent\" data-id=\"431b99e\" data-element_type=\"container\" data-settings=\"{&quot;background_background&quot;:&quot;classic&quot;}\">\n\t\t\t\t<div class=\"elementor-element elementor-element-c2220e6 elementor-widget__width-initial elementor-widget-tablet__width-inherit elementor-widget elementor-widget-heading\" data-id=\"c2220e6\" data-element_type=\"widget\" data-widget_type=\"heading.default\">\n\t\t\t\t\t<h2 class=\"elementor-heading-title elementor-size-default\">Akademickie Licea Og\u00f3lnokszta\u0142c\u0105ce nr 1<\/h2>\t\t\t\t<\/div>\n\t\t\t\t<\/div>\n\t\t<div class=\"elementor-element elementor-element-9d8fa8b e-flex e-con-boxed e-con e-parent\" data-id=\"9d8fa8b\" data-element_type=\"container\">\n\t\t\t\t\t<div class=\"e-con-inner\">\n\t\t\t\t<div class=\"elementor-element elementor-element-1d3db74 elementor-widget elementor-widget-image\" data-id=\"1d3db74\" data-element_type=\"widget\" data-widget_type=\"image.default\">\n\t\t\t\t\t\t\t\t\t\t\t\t\t\t\t<img fetchpriority=\"high\" decoding=\"async\" width=\"930\" height=\"930\" src=\"https:\/\/nowa.zsa.wloclawek.pl\/wp-content\/uploads\/2026\/02\/liceum2.png\" class=\"attachment-large size-large wp-image-14005\" alt=\"\" \/>\t\t\t\t\t\t\t\t\t\t\t\t\t\t\t<\/div>\n\t\t\t\t\t<\/div>\n\t\t\t\t<\/div>\n\t\t<div class=\"elementor-element elementor-element-b2c2f06 e-flex e-con-boxed e-con e-parent\" data-id=\"b2c2f06\" data-element_type=\"container\">\n\t\t\t\t\t<div class=\"e-con-inner\">\n\t\t\t\t<div class=\"elementor-element elementor-element-b16f8d0 elementor-widget elementor-widget-n-accordion\" data-id=\"b16f8d0\" data-element_type=\"widget\" data-settings=\"{&quot;default_state&quot;:&quot;all_collapsed&quot;,&quot;max_items_expended&quot;:&quot;one&quot;,&quot;n_accordion_animation_duration&quot;:{&quot;unit&quot;:&quot;ms&quot;,&quot;size&quot;:400,&quot;sizes&quot;:[]}}\" data-widget_type=\"nested-accordion.default\">\n\t\t\t\t\t\t\t<div class=\"e-n-accordion\" aria-label=\"Accordion. Open links with Enter or Space, close with Escape, and navigate with Arrow Keys\">\n\t\t\t\t\t\t<details id=\"e-n-accordion-item-1860\" class=\"e-n-accordion-item\" >\n\t\t\t\t<summary class=\"e-n-accordion-item-title\" data-accordion-index=\"1\" tabindex=\"0\" aria-expanded=\"false\" aria-controls=\"e-n-accordion-item-1860\" >\n\t\t\t\t\t<span class='e-n-accordion-item-title-header'><div class=\"e-n-accordion-item-title-text\"> Kliknij i wybierz interesuj\u0105c\u0105 Ciebie szko\u0142\u0119 <\/div><\/span>\n\t\t\t\t\t\t\t<span class='e-n-accordion-item-title-icon'>\n\t\t\t<span class='e-opened' ><svg aria-hidden=\"true\" class=\"e-font-icon-svg e-fas-minus\" viewBox=\"0 0 448 512\" xmlns=\"http:\/\/www.w3.org\/2000\/svg\"><path d=\"M416 208H32c-17.67 0-32 14.33-32 32v32c0 17.67 14.33 32 32 32h384c17.67 0 32-14.33 32-32v-32c0-17.67-14.33-32-32-32z\"><\/path><\/svg><\/span>\n\t\t\t<span class='e-closed'><svg aria-hidden=\"true\" class=\"e-font-icon-svg e-fas-plus\" viewBox=\"0 0 448 512\" xmlns=\"http:\/\/www.w3.org\/2000\/svg\"><path d=\"M416 208H272V64c0-17.67-14.33-32-32-32h-32c-17.67 0-32 14.33-32 32v144H32c-17.67 0-32 14.33-32 32v32c0 17.67 14.33 32 32 32h144v144c0 17.67 14.33 32 32 32h32c17.67 0 32-14.33 32-32V304h144c17.67 0 32-14.33 32-32v-32c0-17.67-14.33-32-32-32z\"><\/path><\/svg><\/span>\n\t\t<\/span>\n\n\t\t\t\t\t\t<\/summary>\n\t\t\t\t<div role=\"region\" aria-labelledby=\"e-n-accordion-item-1860\" class=\"elementor-element elementor-element-a7f37f2 e-con-full e-flex e-con e-child\" data-id=\"a7f37f2\" data-element_type=\"container\" data-settings=\"{&quot;background_background&quot;:&quot;classic&quot;}\">\n\t\t<div role=\"region\" aria-labelledby=\"e-n-accordion-item-1860\" class=\"elementor-element elementor-element-b7390b4 e-con-full e-flex e-con e-child\" data-id=\"b7390b4\" data-element_type=\"container\">\n\t\t<div role=\"region\" aria-labelledby=\"e-n-accordion-item-1860\" class=\"elementor-element elementor-element-c8be55b e-con-full e-flex e-con e-child\" data-id=\"c8be55b\" data-element_type=\"container\" data-settings=\"{&quot;background_background&quot;:&quot;classic&quot;}\">\n\t\t\t\t<div class=\"elementor-element elementor-element-2f9cf0a elementor-widget-tablet__width-inherit elementor-widget__width-inherit elementor-widget elementor-widget-heading\" data-id=\"2f9cf0a\" data-element_type=\"widget\" data-widget_type=\"heading.default\">\n\t\t\t\t\t<h2 class=\"elementor-heading-title elementor-size-default\"><a href=\"https:\/\/nowa.zsa.wloclawek.pl\/?page_id=14052\">Liceum og\u00f3lne<\/a><\/h2>\t\t\t\t<\/div>\n\t\t\t\t<div class=\"elementor-element elementor-element-f9a7923 elementor-widget__width-inherit elementor-widget elementor-widget-text-editor\" data-id=\"f9a7923\" data-element_type=\"widget\" data-widget_type=\"text-editor.default\">\n\t\t\t\t\t\t\t\t\t<p>Liceum og\u00f3lnokszta\u0142c\u0105ce (LO) to szko\u0142a ponadpodstawowa, kt\u00f3ra przygotowuje do zdania egzaminu maturalnego,\u00a0kt\u00f3ry <br \/>z kolei umo\u017cliwia podj\u0119cie studi\u00f3w wy\u017cszych. Nauka trwa 4 lata,\u00a0a program nauczania ma charakter og\u00f3lny,<\/p>\t\t\t\t\t\t\t\t<\/div>\n\t\t\t\t<div class=\"elementor-element elementor-element-7a38c15 elementor-widget elementor-widget-button\" data-id=\"7a38c15\" data-element_type=\"widget\" data-widget_type=\"button.default\">\n\t\t\t\t\t\t\t\t\t\t<a class=\"elementor-button elementor-button-link elementor-size-sm\" href=\"https:\/\/nowa.zsa.wloclawek.pl\/?page_id=14052\">\n\t\t\t\t\t\t<span class=\"elementor-button-content-wrapper\">\n\t\t\t\t\t\t<span class=\"elementor-button-icon\">\n\t\t\t\t<svg aria-hidden=\"true\" class=\"e-font-icon-svg e-fas-arrow-right\" viewBox=\"0 0 448 512\" xmlns=\"http:\/\/www.w3.org\/2000\/svg\"><path d=\"M190.5 66.9l22.2-22.2c9.4-9.4 24.6-9.4 33.9 0L441 239c9.4 9.4 9.4 24.6 0 33.9L246.6 467.3c-9.4 9.4-24.6 9.4-33.9 0l-22.2-22.2c-9.5-9.5-9.3-25 .4-34.3L311.4 296H24c-13.3 0-24-10.7-24-24v-32c0-13.3 10.7-24 24-24h287.4L190.9 101.2c-9.8-9.3-10-24.8-.4-34.3z\"><\/path><\/svg>\t\t\t<\/span>\n\t\t\t\t\t\t\t\t\t<span class=\"elementor-button-text\">Czytaj wi\u0119cej<\/span>\n\t\t\t\t\t<\/span>\n\t\t\t\t\t<\/a>\n\t\t\t\t\t\t\t\t<\/div>\n\t\t\t\t<\/div>\n\t\t<div role=\"region\" aria-labelledby=\"e-n-accordion-item-1860\" class=\"elementor-element elementor-element-65936bc e-con-full e-flex e-con e-child\" data-id=\"65936bc\" data-element_type=\"container\" data-settings=\"{&quot;background_background&quot;:&quot;classic&quot;}\">\n\t\t\t\t<div class=\"elementor-element elementor-element-d57eef9 elementor-widget-tablet__width-inherit elementor-widget__width-inherit elementor-widget elementor-widget-heading\" data-id=\"d57eef9\" data-element_type=\"widget\" data-widget_type=\"heading.default\">\n\t\t\t\t\t<h2 class=\"elementor-heading-title elementor-size-default\"><a href=\"https:\/\/nowa.zsa.wloclawek.pl\/?page_id=14068\">Liceum mundurowe<\/a><\/h2>\t\t\t\t<\/div>\n\t\t\t\t<div class=\"elementor-element elementor-element-de4434d elementor-widget__width-inherit elementor-widget elementor-widget-text-editor\" data-id=\"de4434d\" data-element_type=\"widget\" data-widget_type=\"text-editor.default\">\n\t\t\t\t\t\t\t\t\t<p>Liceum mundurowe to szko\u0142a \u0142\u0105cz\u0105ca standardowy program nauczania z dodatkowymi zaj\u0119ciami przygotowuj\u0105cymi do pracy w s\u0142u\u017cbach mundurowych, takich jak wojsko, policja, stra\u017c po\u017carna czy stra\u017c graniczna.<\/p>\t\t\t\t\t\t\t\t<\/div>\n\t\t\t\t<div class=\"elementor-element elementor-element-722282f elementor-widget elementor-widget-button\" data-id=\"722282f\" data-element_type=\"widget\" data-widget_type=\"button.default\">\n\t\t\t\t\t\t\t\t\t\t<a class=\"elementor-button elementor-button-link elementor-size-sm\" href=\"https:\/\/nowa.zsa.wloclawek.pl\/?page_id=14068\">\n\t\t\t\t\t\t<span class=\"elementor-button-content-wrapper\">\n\t\t\t\t\t\t<span class=\"elementor-button-icon\">\n\t\t\t\t<svg aria-hidden=\"true\" class=\"e-font-icon-svg e-fas-arrow-right\" viewBox=\"0 0 448 512\" xmlns=\"http:\/\/www.w3.org\/2000\/svg\"><path d=\"M190.5 66.9l22.2-22.2c9.4-9.4 24.6-9.4 33.9 0L441 239c9.4 9.4 9.4 24.6 0 33.9L246.6 467.3c-9.4 9.4-24.6 9.4-33.9 0l-22.2-22.2c-9.5-9.5-9.3-25 .4-34.3L311.4 296H24c-13.3 0-24-10.7-24-24v-32c0-13.3 10.7-24 24-24h287.4L190.9 101.2c-9.8-9.3-10-24.8-.4-34.3z\"><\/path><\/svg>\t\t\t<\/span>\n\t\t\t\t\t\t\t\t\t<span class=\"elementor-button-text\">Czytaj wi\u0119cej<\/span>\n\t\t\t\t\t<\/span>\n\t\t\t\t\t<\/a>\n\t\t\t\t\t\t\t\t<\/div>\n\t\t\t\t<\/div>\n\t\t<div role=\"region\" aria-labelledby=\"e-n-accordion-item-1860\" class=\"elementor-element elementor-element-fbc2c4a e-con-full e-flex e-con e-child\" data-id=\"fbc2c4a\" data-element_type=\"container\" data-settings=\"{&quot;background_background&quot;:&quot;classic&quot;}\">\n\t\t\t\t<div class=\"elementor-element elementor-element-a403065 elementor-widget-tablet__width-inherit elementor-widget__width-inherit elementor-widget elementor-widget-heading\" data-id=\"a403065\" data-element_type=\"widget\" data-widget_type=\"heading.default\">\n\t\t\t\t\t<h2 class=\"elementor-heading-title elementor-size-default\"><a href=\"https:\/\/nowa.zsa.wloclawek.pl\/?page_id=14080\">Liceum sportowe<\/a><\/h2>\t\t\t\t<\/div>\n\t\t\t\t<div class=\"elementor-element elementor-element-380c22c elementor-widget__width-inherit elementor-widget elementor-widget-text-editor\" data-id=\"380c22c\" data-element_type=\"widget\" data-widget_type=\"text-editor.default\">\n\t\t\t\t\t\t\t\t\t<p>Liceum og\u00f3lnokszta\u0142c\u0105ce mistrzostwa sportowego (SMS) to\u00a0szko\u0142a ponadpodstawowa, kt\u00f3ra \u0142\u0105czy nauk\u0119 og\u00f3ln\u0105 <br \/>z intensywnym szkoleniem sportowym w jednej lub kilku dyscyplinach sportowych. Nauka trwa 4 lata.<\/p>\t\t\t\t\t\t\t\t<\/div>\n\t\t\t\t<div class=\"elementor-element elementor-element-de2f428 elementor-widget elementor-widget-button\" data-id=\"de2f428\" data-element_type=\"widget\" data-widget_type=\"button.default\">\n\t\t\t\t\t\t\t\t\t\t<a class=\"elementor-button elementor-button-link elementor-size-sm\" href=\"https:\/\/nowa.zsa.wloclawek.pl\/?page_id=14080\">\n\t\t\t\t\t\t<span class=\"elementor-button-content-wrapper\">\n\t\t\t\t\t\t<span class=\"elementor-button-icon\">\n\t\t\t\t<svg aria-hidden=\"true\" class=\"e-font-icon-svg e-fas-arrow-right\" viewBox=\"0 0 448 512\" xmlns=\"http:\/\/www.w3.org\/2000\/svg\"><path d=\"M190.5 66.9l22.2-22.2c9.4-9.4 24.6-9.4 33.9 0L441 239c9.4 9.4 9.4 24.6 0 33.9L246.6 467.3c-9.4 9.4-24.6 9.4-33.9 0l-22.2-22.2c-9.5-9.5-9.3-25 .4-34.3L311.4 296H24c-13.3 0-24-10.7-24-24v-32c0-13.3 10.7-24 24-24h287.4L190.9 101.2c-9.8-9.3-10-24.8-.4-34.3z\"><\/path><\/svg>\t\t\t<\/span>\n\t\t\t\t\t\t\t\t\t<span class=\"elementor-button-text\">Czytaj wi\u0119cej<\/span>\n\t\t\t\t\t<\/span>\n\t\t\t\t\t<\/a>\n\t\t\t\t\t\t\t\t<\/div>\n\t\t\t\t<\/div>\n\t\t\t\t<\/div>\n\t\t\t\t<div class=\"elementor-element elementor-element-361ac7a elementor-widget__width-initial elementor-widget elementor-widget-image\" data-id=\"361ac7a\" data-element_type=\"widget\" data-widget_type=\"image.default\">\n\t\t\t\t\t\t\t\t\t\t\t\t\t\t\t<img decoding=\"async\" width=\"1\" height=\"1\" src=\"https:\/\/nowa.zsa.wloclawek.pl\/wp-content\/uploads\/2025\/03\/pro-2.png\" class=\"attachment-thumbnail size-thumbnail wp-image-10772\" alt=\"\" \/>\t\t\t\t\t\t\t\t\t\t\t\t\t\t\t<\/div>\n\t\t\t\t<\/div>\n\t\t\t\t\t<\/details>\n\t\t\t\t\t<\/div>\n\t\t\t\t\t\t<\/div>\n\t\t\t\t\t<\/div>\n\t\t\t\t<\/div>\n\t\t\t\t<\/div>\n\t\t","protected":false},"excerpt":{"rendered":"<p>Akademickie Licea Og\u00f3lnokszta\u0142c\u0105ce nr 1 Kliknij i wybierz interesuj\u0105c\u0105 Ciebie szko\u0142\u0119 Liceum og\u00f3lne Liceum og\u00f3lnokszta\u0142c\u0105ce (LO) to szko\u0142a ponadpodstawowa, kt\u00f3ra przygotowuje do zdania egzaminu maturalnego,\u00a0kt\u00f3ry z kolei umo\u017cliwia podj\u0119cie studi\u00f3w wy\u017cszych. Nauka trwa 4 lata,\u00a0a program nauczania ma charakter og\u00f3lny, Czytaj wi\u0119cej Liceum mundurowe Liceum mundurowe to szko\u0142a \u0142\u0105cz\u0105ca standardowy [&hellip;]<\/p>\n","protected":false},"author":2,"featured_media":0,"parent":0,"menu_order":0,"comment_status":"closed","ping_status":"closed","template":"page-templates\/full-width-transparent.php","meta":{"footnotes":""},"class_list":["post-12403","page","type-page","status-publish","hentry"],"_links":{"self":[{"href":"https:\/\/nowa.zsa.wloclawek.pl\/index.php?rest_route=\/wp\/v2\/pages\/12403","targetHints":{"allow":["GET"]}}],"collection":[{"href":"https:\/\/nowa.zsa.wloclawek.pl\/index.php?rest_route=\/wp\/v2\/pages"}],"about":[{"href":"https:\/\/nowa.zsa.wloclawek.pl\/index.php?rest_route=\/wp\/v2\/types\/page"}],"author":[{"embeddable":true,"href":"https:\/\/nowa.zsa.wloclawek.pl\/index.php?rest_route=\/wp\/v2\/users\/2"}],"replies":[{"embeddable":true,"href":"https:\/\/nowa.zsa.wloclawek.pl\/index.php?rest_route=%2Fwp%2Fv2%2Fcomments&post=12403"}],"version-history":[{"count":32,"href":"https:\/\/nowa.zsa.wloclawek.pl\/index.php?rest_route=\/wp\/v2\/pages\/12403\/revisions"}],"predecessor-version":[{"id":14135,"href":"https:\/\/nowa.zsa.wloclawek.pl\/index.php?rest_route=\/wp\/v2\/pages\/12403\/revisions\/14135"}],"wp:attachment":[{"href":"https:\/\/nowa.zsa.wloclawek.pl\/index.php?rest_route=%2Fwp%2Fv2%2Fmedia&parent=12403"}],"curies":[{"name":"wp","href":"https:\/\/api.w.org\/{rel}","templated":true}]}}