{"id":11930,"date":"2025-11-29T19:25:54","date_gmt":"2025-11-29T19:25:54","guid":{"rendered":"https:\/\/nowa.zsa.wloclawek.pl\/?page_id=11930"},"modified":"2025-11-29T20:23:18","modified_gmt":"2025-11-29T20:23:18","slug":"ppp","status":"publish","type":"page","link":"https:\/\/nowa.zsa.wloclawek.pl\/?page_id=11930","title":{"rendered":"Pomoc"},"content":{"rendered":"\t\t<div data-elementor-type=\"wp-page\" data-elementor-id=\"11930\" class=\"elementor elementor-11930\">\n\t\t\t\t<div class=\"elementor-element elementor-element-9edbd8e e-con-full e-flex e-con e-parent\" data-id=\"9edbd8e\" data-element_type=\"container\" data-settings=\"{&quot;background_background&quot;:&quot;classic&quot;}\">\n\t\t\t\t<div class=\"elementor-element elementor-element-9f90e3e elementor-widget__width-initial elementor-widget-tablet__width-inherit elementor-widget elementor-widget-heading\" data-id=\"9f90e3e\" data-element_type=\"widget\" data-widget_type=\"heading.default\">\n\t\t\t\t\t<h2 class=\"elementor-heading-title elementor-size-default\">Pomoc psychologiczno-pedagogiczna<\/h2>\t\t\t\t<\/div>\n\t\t\t\t<\/div>\n\t\t<div class=\"elementor-element elementor-element-2ed6921 e-flex e-con-boxed e-con e-parent\" data-id=\"2ed6921\" data-element_type=\"container\">\n\t\t\t\t\t<div class=\"e-con-inner\">\n\t\t<div class=\"elementor-element elementor-element-f4d87bc e-con-full e-flex e-con e-child\" data-id=\"f4d87bc\" data-element_type=\"container\">\n\t\t\t\t<div class=\"elementor-element elementor-element-09967b9 elementor-widget__width-initial elementor-widget elementor-widget-text-editor\" data-id=\"09967b9\" data-element_type=\"widget\" data-widget_type=\"text-editor.default\">\n\t\t\t\t\t\t\t\t\t<h4>Psycholog szkolny zaprasza uczni\u00f3w, rodzic\u00f3w, opiekun\u00f3w prawnych oraz nauczycieli na konsultacje indywidualne. Zgodnie z zaleceniami poradni psychologiczno-pedagogicznych oraz w odpowiedzi na potrzeby zainteresowanych psycholog udziela wsparcia emocjonalnego, informacyjnego, wspiera w rozwoju kompetencji emocjonalnych i\u00a0spo\u0142ecznych, pomaga w budowaniu w\u0142a\u015bciwej samooceny, rozwi\u0105zywaniu problem\u00f3w wychowawczych, mediuje podczas konflikt\u00f3w interpersonalnych, udziela informacji o innych instytucjach pomagaj\u0105cych dzieciom i rodzinie.<\/h4>\t\t\t\t\t\t\t\t<\/div>\n\t\t\t\t<\/div>\n\t\t<div class=\"elementor-element elementor-element-a8878ee e-con-full e-flex e-con e-child\" data-id=\"a8878ee\" data-element_type=\"container\">\n\t\t\t\t<div class=\"elementor-element elementor-element-7e1c4b9 elementor-widget elementor-widget-image\" data-id=\"7e1c4b9\" data-element_type=\"widget\" data-widget_type=\"image.default\">\n\t\t\t\t\t\t\t\t\t\t\t\t\t\t\t<img fetchpriority=\"high\" decoding=\"async\" width=\"540\" height=\"360\" src=\"https:\/\/nowa.zsa.wloclawek.pl\/wp-content\/uploads\/2025\/11\/psychped.jpg\" class=\"attachment-full size-full wp-image-11939\" alt=\"\" \/>\t\t\t\t\t\t\t\t\t\t\t\t\t\t\t<\/div>\n\t\t\t\t<\/div>\n\t\t\t\t\t<\/div>\n\t\t\t\t<\/div>\n\t\t<div class=\"elementor-element elementor-element-b5f4202 animated-fast e-flex e-con-boxed e-con e-parent\" data-id=\"b5f4202\" data-element_type=\"container\" data-settings=\"{&quot;animation&quot;:&quot;none&quot;,&quot;background_background&quot;:&quot;classic&quot;}\">\n\t\t\t\t\t<div class=\"e-con-inner\">\n\t\t<div class=\"elementor-element elementor-element-e2b1c84 e-con-full e-flex e-con e-child\" data-id=\"e2b1c84\" data-element_type=\"container\">\n\t\t<div class=\"elementor-element elementor-element-17885e3 e-con-full e-flex e-con e-child\" data-id=\"17885e3\" data-element_type=\"container\">\n\t\t\t\t<div class=\"elementor-element elementor-element-58e03d4 elementor-widget-tablet__width-inherit elementor-widget elementor-widget-heading\" data-id=\"58e03d4\" data-element_type=\"widget\" data-widget_type=\"heading.default\">\n\t\t\t\t\t<h2 class=\"elementor-heading-title elementor-size-default\">Psychologia dla rodzica<\/h2>\t\t\t\t<\/div>\n\t\t\t\t<div class=\"elementor-element elementor-element-e2b2b8a elementor-widget-tablet__width-inherit elementor-widget__width-inherit elementor-widget elementor-widget-text-editor\" data-id=\"e2b2b8a\" data-element_type=\"widget\" data-widget_type=\"text-editor.default\">\n\t\t\t\t\t\t\t\t\t<p id=\"element_152_text_0\">Szkolni\u00a0psycholodzy i pedagodzy\u00a0pomagaj\u0105 uczniom w trudno\u015bciach emocjonalnych, spo\u0142ecznych i akademickich. W naszej szkole dzia\u0142aj\u0105 specjali\u015bci gotowi pom\u00f3c uczniom w przypadku trudno\u015bci.<\/p><p id=\"element_152_text_1\">Warto skorzysta\u0107 z pomocy szkolnego psychologa lub pedagoga przy trudno\u015bciach w kontaktach spo\u0142ecznych, koncentracji, nie spokoju lub trudno\u015bciach w nauce. Pomoc psychologiczno-pedagogiczna\u00a0obejmuje radzenie sobie z l\u0119kami, depresj\u0105<br \/>i stresem.<\/p><p>Mo\u017cna um\u00f3wi\u0107 si\u0119 na spotkanie\u00a0przez sekretariat szko\u0142y lub osobi\u015bcie w czasie dy\u017curu. Psycholog lub pedagog wys\u0142ucha i pomo\u017ce znale\u017a\u0107 rozwi\u0105zania dla zg\u0142aszanych problem\u00f3w. Je\u015bli potrzebna jest specjalistyczna pomoc,\u00a0pom\u017cemy\u00a0w jej uzyskaniu.<\/p><p>Wizyta u szkolnego psychologa lub pedagoga jest dobrowolna i bezp\u0142atna. Uczniowie mog\u0105 liczy\u0107 na pomoc i wsparcie\u00a0w ka\u017cdej sytuacji, co pomaga im radzi\u0107 sobie z problemami i osi\u0105ga\u0107 sukces w nauce.<\/p><p id=\"element_152_text_3\">Szkolny psycholog i pedagog pracuj\u0105 od\u00a0poniedzia\u0142ku do pi\u0105tku\u00a0w godz.\u00a08:45 &#8211;\u00a013:55<\/p><ul><li id=\"element_305_text_0\">mgr Jolanta Stasinowska &#8211; pedagog<\/li><li id=\"element_305_text_1\">mgr Barbara R\u00f3\u017ca\u0144ska &#8211; pedagog<\/li><li id=\"element_305_text_2\">mgr Ma\u0142gorzata Krysztofiak &#8211; psycholog<\/li><li>mgr Natalia Jeziorska &#8211; psycholog<\/li><\/ul>\t\t\t\t\t\t\t\t<\/div>\n\t\t\t\t<\/div>\n\t\t\t\t<\/div>\n\t\t\t\t\t<\/div>\n\t\t\t\t<\/div>\n\t\t<div class=\"elementor-element elementor-element-3b18b63 e-flex e-con-boxed e-con e-parent\" data-id=\"3b18b63\" data-element_type=\"container\">\n\t\t\t\t\t<div class=\"e-con-inner\">\n\t\t<div class=\"elementor-element elementor-element-e15c248 e-con-full e-flex e-con e-child\" data-id=\"e15c248\" data-element_type=\"container\">\n\t\t\t\t<div class=\"elementor-element elementor-element-8d80bab elementor-widget elementor-widget-text-editor\" data-id=\"8d80bab\" data-element_type=\"widget\" data-widget_type=\"text-editor.default\">\n\t\t\t\t\t\t\t\t\t<h4><strong>Pedagog szkolny\u00a0uzupe\u0142nia, pog\u0142\u0119bia i rozszerza dzia\u0142alno\u015b\u0107 dydaktyczno-wychowawcz\u0105 prowadzon\u0105 przez nauczycieli.<\/strong> Koordynuje tak\u017ce przyznawania stypendi\u00f3w i zasi\u0142k\u00f3w szkolnych. Organizuje i prowadzi zaj\u0119cia wynikaj\u0105ce z realizacji Programu Szkolnej Profilaktyki. Prowadzi indywidualne rozmowy z uczniami i ich rodzicami; wspiera ich w trudno\u015bciach zwi\u0105zanych zar\u00f3wno z nauczaniem jak i wychowaniem. Podejmuje dzia\u0142ania interwencyjne zgodne z obowi\u0105zuj\u0105cymi w szkole procedurami. Organizuje pomoc wynikaj\u0105c\u0105 z orzecze\u0144 i opinii Poradni Psychologiczno- Pedagogicznej,<\/h4>\t\t\t\t\t\t\t\t<\/div>\n\t\t\t\t<\/div>\n\t\t<div class=\"elementor-element elementor-element-380babc e-con-full e-flex e-con e-child\" data-id=\"380babc\" data-element_type=\"container\">\n\t\t<div class=\"elementor-element elementor-element-7b1e0f4 e-con-full e-flex e-con e-child\" data-id=\"7b1e0f4\" data-element_type=\"container\">\n\t\t\t\t<div class=\"elementor-element elementor-element-96d86bd elementor-widget elementor-widget-text-editor\" data-id=\"96d86bd\" data-element_type=\"widget\" data-widget_type=\"text-editor.default\">\n\t\t\t\t\t\t\t\t\t<h4 style=\"text-align: left;\"><strong>Drogi Uczniu, zapraszam je\u017celi:<\/strong><br \/>&#8211; masz problem i nie wiesz jak go rozwi\u0105za\u0107,<br \/>&#8211; czujesz si\u0119 nierozumiany lub samotny,<br \/>&#8211; masz trudno\u015bci w nauce,<br \/>&#8211; chcia\u0142by\u015b z kim\u015b porozmawia\u0107,<br \/>&#8211; chcia\u0142by\u015b komu\u015b pom\u00f3c, a nie wiesz jak,<br \/>&#8211; chcesz podzieli\u0107 si\u0119 swoj\u0105 rado\u015bci\u0105, sukcesem, pomys\u0142em.<\/h4>\t\t\t\t\t\t\t\t<\/div>\n\t\t\t\t<\/div>\n\t\t<div class=\"elementor-element elementor-element-da35793 e-con-full e-flex e-con e-child\" data-id=\"da35793\" data-element_type=\"container\">\n\t\t\t\t<div class=\"elementor-element elementor-element-0ebe1c7 elementor-widget elementor-widget-text-editor\" data-id=\"0ebe1c7\" data-element_type=\"widget\" data-widget_type=\"text-editor.default\">\n\t\t\t\t\t\t\t\t\t<h4><strong>Drogi Rodzicu<\/strong>, zg\u0142o\u015b si\u0119 do psychologa szkolnego, je\u015bli:<br \/>&#8211; niepokoi Ci\u0119 zachowanie dziecka,<br \/>&#8211; potrzebujesz wsparcia w procesie wychowania dziecka,<br \/>&#8211; masz pytania i nie wiesz, do kogo si\u0119 z nimi zwr\u00f3ci\u0107.<\/h4>\t\t\t\t\t\t\t\t<\/div>\n\t\t\t\t<\/div>\n\t\t\t\t<\/div>\n\t\t\t\t\t<\/div>\n\t\t\t\t<\/div>\n\t\t\t\t<\/div>\n\t\t","protected":false},"excerpt":{"rendered":"<p>Pomoc psychologiczno-pedagogiczna Psycholog szkolny zaprasza uczni\u00f3w, rodzic\u00f3w, opiekun\u00f3w prawnych oraz nauczycieli na konsultacje indywidualne. Zgodnie z zaleceniami poradni psychologiczno-pedagogicznych oraz w odpowiedzi na potrzeby zainteresowanych psycholog udziela wsparcia emocjonalnego, informacyjnego, wspiera w rozwoju kompetencji emocjonalnych i\u00a0spo\u0142ecznych, pomaga w budowaniu w\u0142a\u015bciwej samooceny, rozwi\u0105zywaniu problem\u00f3w wychowawczych, mediuje podczas konflikt\u00f3w interpersonalnych, udziela informacji [&hellip;]<\/p>\n","protected":false},"author":2,"featured_media":0,"parent":0,"menu_order":0,"comment_status":"closed","ping_status":"closed","template":"page-templates\/full-width-transparent.php","meta":{"footnotes":""},"class_list":["post-11930","page","type-page","status-publish","hentry"],"_links":{"self":[{"href":"https:\/\/nowa.zsa.wloclawek.pl\/index.php?rest_route=\/wp\/v2\/pages\/11930","targetHints":{"allow":["GET"]}}],"collection":[{"href":"https:\/\/nowa.zsa.wloclawek.pl\/index.php?rest_route=\/wp\/v2\/pages"}],"about":[{"href":"https:\/\/nowa.zsa.wloclawek.pl\/index.php?rest_route=\/wp\/v2\/types\/page"}],"author":[{"embeddable":true,"href":"https:\/\/nowa.zsa.wloclawek.pl\/index.php?rest_route=\/wp\/v2\/users\/2"}],"replies":[{"embeddable":true,"href":"https:\/\/nowa.zsa.wloclawek.pl\/index.php?rest_route=%2Fwp%2Fv2%2Fcomments&post=11930"}],"version-history":[{"count":23,"href":"https:\/\/nowa.zsa.wloclawek.pl\/index.php?rest_route=\/wp\/v2\/pages\/11930\/revisions"}],"predecessor-version":[{"id":11963,"href":"https:\/\/nowa.zsa.wloclawek.pl\/index.php?rest_route=\/wp\/v2\/pages\/11930\/revisions\/11963"}],"wp:attachment":[{"href":"https:\/\/nowa.zsa.wloclawek.pl\/index.php?rest_route=%2Fwp%2Fv2%2Fmedia&parent=11930"}],"curies":[{"name":"wp","href":"https:\/\/api.w.org\/{rel}","templated":true}]}}